{"id":678,"date":"2023-07-14T09:35:29","date_gmt":"2023-07-14T07:35:29","guid":{"rendered":"https:\/\/goboutik.org\/?page_id=678"},"modified":"2025-03-14T00:29:09","modified_gmt":"2025-03-13T23:29:09","slug":"parrainage-2","status":"publish","type":"page","link":"https:\/\/goboutik.org\/index.php\/parrainage-2\/","title":{"rendered":"Parrainage"},"content":{"rendered":"\n<div class=\"wp-block-stackable-image alignfull stk-block-image stk-block stk-846a688\" data-block-id=\"846a688\"><style>.stk-846a688 .stk-img-wrapper{width:100% !important;height:210px !important;}<\/style><figure><span class=\"stk-img-wrapper stk-image--shape-stretch\"><img fetchpriority=\"high\" decoding=\"async\" class=\"stk-img wp-image-286\" src=\"https:\/\/goboutik.org\/wp-content\/uploads\/2023\/07\/1579465953.png\" width=\"1024\" height=\"302\" srcset=\"https:\/\/goboutik.org\/wp-content\/uploads\/2023\/07\/1579465953.png 1024w, https:\/\/goboutik.org\/wp-content\/uploads\/2023\/07\/1579465953-300x88.png 300w, https:\/\/goboutik.org\/wp-content\/uploads\/2023\/07\/1579465953-768x227.png 768w\" sizes=\"(max-width: 1024px) 100vw, 1024px\" \/><\/span><\/figure><\/div>\n\n\n\n<h3 class=\"wp-block-heading has-text-align-center\">\ud83c\udf81<strong><span style=\"color: var(--theme-palette-color-3, #ff1a1a);\" class=\"stk-highlight\">PARRAINAGE<\/span><\/strong>\ud83c\udf81<\/h3>\n\n\n\n<h5 class=\"wp-block-heading has-text-align-center\"><strong>Avec Nos Serveurs IPTV, Vous \u00eates r\u00e9compens\u00e9s lorsque vous parlez de nous.<\/strong><\/h5>\n\n\n\n<h5 class=\"wp-block-heading has-text-align-center\"><strong>En effet, \u00e0 chaque fois que l&rsquo;une de vos connaissances prendra attache avec nous et s&rsquo;engagera sur l&rsquo;un&nbsp;de nos abonnements de 12 Mois&nbsp;vous b\u00e9n\u00e9ficierez de <span style=\"color: var(--theme-palette-color-3, #ff1a1a);\" class=\"stk-highlight\">1 MOIS GRATUIT&nbsp;sur votre abonnement&nbsp;Actuel !<\/span>&nbsp;<\/strong><\/h5>\n\n\n\n<h5 class=\"wp-block-heading has-text-align-center\"><strong>Comment faire ?<\/strong><\/h5>\n\n\n\n<h5 class=\"wp-block-heading has-text-align-center\"><strong>Tout simple, il suffit d&rsquo;\u00eatre abonn\u00e9 \u00e0 un Abonnement&nbsp;chez nous et de nous contacter, ou de donner les coordonn\u00e9s de votre Sponsor.<\/strong><\/h5>\n\n\n<p><iframe src=\"https:\/\/docs.google.com\/forms\/d\/e\/1FAIpQLSdmzfclwr3hxwXs9PngYYIMqyMBoAFJYFD22ocPwL7DT8RoNQ\/viewform?embedded=true\" width=\"1500\" height=\"687\" frameborder=\"0\" marginheight=\"0\" marginwidth=\"0\">Chargement\u2026<\/iframe><\/p>\n\n\n\n<p><strong>Note :<\/strong>&nbsp;Veuillez remplir les champs marqu\u00e9s d&rsquo;un&nbsp;<span style=\"color: var(--theme-palette-color-3, #ff1a1a);\" class=\"stk-highlight\">*<\/span>.<\/p>\n\n\n\n<hr class=\"wp-block-separator has-text-color has-black-color has-alpha-channel-opacity has-black-background-color has-background is-style-wide\" style=\"margin-top:17px;margin-bottom:17px\"\/>\n\n\n\n<p><\/p>\n","protected":false},"excerpt":{"rendered":"<p>\ud83c\udf81PARRAINAGE\ud83c\udf81 Avec Nos Serveurs IPTV, Vous \u00eates r\u00e9compens\u00e9s lorsque vous parlez de nous. En effet, \u00e0 chaque fois que l&rsquo;une de vos connaissances prendra attache avec nous et s&rsquo;engagera sur l&rsquo;un&nbsp;de nos abonnements de 12 Mois&nbsp;vous b\u00e9n\u00e9ficierez de 1 MOIS GRATUIT&nbsp;sur votre abonnement&nbsp;Actuel !&nbsp; Comment faire ? Tout simple, il suffit d&rsquo;\u00eatre abonn\u00e9 \u00e0 un [&hellip;]<\/p>\n","protected":false},"author":1,"featured_media":0,"parent":0,"menu_order":0,"comment_status":"closed","ping_status":"closed","template":"","meta":{"footnotes":""},"class_list":["post-678","page","type-page","status-publish","hentry"],"blocksy_meta":[],"yoast_head":"<!-- This site is optimized with the Yoast SEO plugin v27.3 - https:\/\/yoast.com\/product\/yoast-seo-wordpress\/ -->\n<title>Parrainage - Goboutik<\/title>\n<meta name=\"robots\" content=\"index, follow, max-snippet:-1, max-image-preview:large, max-video-preview:-1\" \/>\n<link rel=\"canonical\" href=\"https:\/\/goboutik.org\/index.php\/parrainage-2\/\" \/>\n<meta property=\"og:locale\" content=\"fr_FR\" \/>\n<meta property=\"og:type\" content=\"article\" \/>\n<meta property=\"og:title\" content=\"Parrainage - Goboutik\" \/>\n<meta property=\"og:description\" content=\"\ud83c\udf81PARRAINAGE\ud83c\udf81 Avec Nos Serveurs IPTV, Vous \u00eates r\u00e9compens\u00e9s lorsque vous parlez de nous. En effet, \u00e0 chaque fois que l&rsquo;une de vos connaissances prendra attache avec nous et s&rsquo;engagera sur l&rsquo;un&nbsp;de nos abonnements de 12 Mois&nbsp;vous b\u00e9n\u00e9ficierez de 1 MOIS GRATUIT&nbsp;sur votre abonnement&nbsp;Actuel !&nbsp; Comment faire ? Tout simple, il suffit d&rsquo;\u00eatre abonn\u00e9 \u00e0 un [&hellip;]\" \/>\n<meta property=\"og:url\" content=\"https:\/\/goboutik.org\/index.php\/parrainage-2\/\" \/>\n<meta property=\"og:site_name\" content=\"Goboutik\" \/>\n<meta property=\"article:modified_time\" content=\"2025-03-13T23:29:09+00:00\" \/>\n<meta property=\"og:image\" content=\"https:\/\/goboutik.org\/wp-content\/uploads\/2023\/07\/1579465953.png\" \/>\n\t<meta property=\"og:image:width\" content=\"1024\" \/>\n\t<meta property=\"og:image:height\" content=\"302\" \/>\n\t<meta property=\"og:image:type\" content=\"image\/png\" \/>\n<meta name=\"twitter:card\" content=\"summary_large_image\" \/>\n<meta name=\"twitter:label1\" content=\"Dur\u00e9e de lecture estim\u00e9e\" \/>\n\t<meta name=\"twitter:data1\" content=\"1 minute\" \/>\n<script type=\"application\/ld+json\" class=\"yoast-schema-graph\">{\"@context\":\"https:\\\/\\\/schema.org\",\"@graph\":[{\"@type\":\"WebPage\",\"@id\":\"https:\\\/\\\/goboutik.org\\\/index.php\\\/parrainage-2\\\/\",\"url\":\"https:\\\/\\\/goboutik.org\\\/index.php\\\/parrainage-2\\\/\",\"name\":\"Parrainage - Goboutik\",\"isPartOf\":{\"@id\":\"https:\\\/\\\/goboutik.org\\\/#website\"},\"primaryImageOfPage\":{\"@id\":\"https:\\\/\\\/goboutik.org\\\/index.php\\\/parrainage-2\\\/#primaryimage\"},\"image\":{\"@id\":\"https:\\\/\\\/goboutik.org\\\/index.php\\\/parrainage-2\\\/#primaryimage\"},\"thumbnailUrl\":\"https:\\\/\\\/goboutik.org\\\/wp-content\\\/uploads\\\/2023\\\/07\\\/1579465953.png\",\"datePublished\":\"2023-07-14T07:35:29+00:00\",\"dateModified\":\"2025-03-13T23:29:09+00:00\",\"breadcrumb\":{\"@id\":\"https:\\\/\\\/goboutik.org\\\/index.php\\\/parrainage-2\\\/#breadcrumb\"},\"inLanguage\":\"fr-FR\",\"potentialAction\":[{\"@type\":\"ReadAction\",\"target\":[\"https:\\\/\\\/goboutik.org\\\/index.php\\\/parrainage-2\\\/\"]}]},{\"@type\":\"ImageObject\",\"inLanguage\":\"fr-FR\",\"@id\":\"https:\\\/\\\/goboutik.org\\\/index.php\\\/parrainage-2\\\/#primaryimage\",\"url\":\"https:\\\/\\\/goboutik.org\\\/wp-content\\\/uploads\\\/2023\\\/07\\\/1579465953.png\",\"contentUrl\":\"https:\\\/\\\/goboutik.org\\\/wp-content\\\/uploads\\\/2023\\\/07\\\/1579465953.png\",\"width\":1024,\"height\":302},{\"@type\":\"BreadcrumbList\",\"@id\":\"https:\\\/\\\/goboutik.org\\\/index.php\\\/parrainage-2\\\/#breadcrumb\",\"itemListElement\":[{\"@type\":\"ListItem\",\"position\":1,\"name\":\"Home\",\"item\":\"https:\\\/\\\/goboutik.org\\\/\"},{\"@type\":\"ListItem\",\"position\":2,\"name\":\"Parrainage\"}]},{\"@type\":\"WebSite\",\"@id\":\"https:\\\/\\\/goboutik.org\\\/#website\",\"url\":\"https:\\\/\\\/goboutik.org\\\/\",\"name\":\"Goboutik\",\"description\":\"Abonnement iptv\",\"publisher\":{\"@id\":\"https:\\\/\\\/goboutik.org\\\/#organization\"},\"potentialAction\":[{\"@type\":\"SearchAction\",\"target\":{\"@type\":\"EntryPoint\",\"urlTemplate\":\"https:\\\/\\\/goboutik.org\\\/?s={search_term_string}\"},\"query-input\":{\"@type\":\"PropertyValueSpecification\",\"valueRequired\":true,\"valueName\":\"search_term_string\"}}],\"inLanguage\":\"fr-FR\"},{\"@type\":\"Organization\",\"@id\":\"https:\\\/\\\/goboutik.org\\\/#organization\",\"name\":\"Goboutik\",\"url\":\"https:\\\/\\\/goboutik.org\\\/\",\"logo\":{\"@type\":\"ImageObject\",\"inLanguage\":\"fr-FR\",\"@id\":\"https:\\\/\\\/goboutik.org\\\/#\\\/schema\\\/logo\\\/image\\\/\",\"url\":\"https:\\\/\\\/goboutik.org\\\/wp-content\\\/uploads\\\/2023\\\/07\\\/Logo.png\",\"contentUrl\":\"https:\\\/\\\/goboutik.org\\\/wp-content\\\/uploads\\\/2023\\\/07\\\/Logo.png\",\"width\":114,\"height\":114,\"caption\":\"Goboutik\"},\"image\":{\"@id\":\"https:\\\/\\\/goboutik.org\\\/#\\\/schema\\\/logo\\\/image\\\/\"}}]}<\/script>\n<!-- \/ Yoast SEO plugin. -->","yoast_head_json":{"title":"Parrainage - Goboutik","robots":{"index":"index","follow":"follow","max-snippet":"max-snippet:-1","max-image-preview":"max-image-preview:large","max-video-preview":"max-video-preview:-1"},"canonical":"https:\/\/goboutik.org\/index.php\/parrainage-2\/","og_locale":"fr_FR","og_type":"article","og_title":"Parrainage - Goboutik","og_description":"\ud83c\udf81PARRAINAGE\ud83c\udf81 Avec Nos Serveurs IPTV, Vous \u00eates r\u00e9compens\u00e9s lorsque vous parlez de nous. En effet, \u00e0 chaque fois que l&rsquo;une de vos connaissances prendra attache avec nous et s&rsquo;engagera sur l&rsquo;un&nbsp;de nos abonnements de 12 Mois&nbsp;vous b\u00e9n\u00e9ficierez de 1 MOIS GRATUIT&nbsp;sur votre abonnement&nbsp;Actuel !&nbsp; Comment faire ? Tout simple, il suffit d&rsquo;\u00eatre abonn\u00e9 \u00e0 un [&hellip;]","og_url":"https:\/\/goboutik.org\/index.php\/parrainage-2\/","og_site_name":"Goboutik","article_modified_time":"2025-03-13T23:29:09+00:00","og_image":[{"width":1024,"height":302,"url":"https:\/\/goboutik.org\/wp-content\/uploads\/2023\/07\/1579465953.png","type":"image\/png"}],"twitter_card":"summary_large_image","twitter_misc":{"Dur\u00e9e de lecture estim\u00e9e":"1 minute"},"schema":{"@context":"https:\/\/schema.org","@graph":[{"@type":"WebPage","@id":"https:\/\/goboutik.org\/index.php\/parrainage-2\/","url":"https:\/\/goboutik.org\/index.php\/parrainage-2\/","name":"Parrainage - Goboutik","isPartOf":{"@id":"https:\/\/goboutik.org\/#website"},"primaryImageOfPage":{"@id":"https:\/\/goboutik.org\/index.php\/parrainage-2\/#primaryimage"},"image":{"@id":"https:\/\/goboutik.org\/index.php\/parrainage-2\/#primaryimage"},"thumbnailUrl":"https:\/\/goboutik.org\/wp-content\/uploads\/2023\/07\/1579465953.png","datePublished":"2023-07-14T07:35:29+00:00","dateModified":"2025-03-13T23:29:09+00:00","breadcrumb":{"@id":"https:\/\/goboutik.org\/index.php\/parrainage-2\/#breadcrumb"},"inLanguage":"fr-FR","potentialAction":[{"@type":"ReadAction","target":["https:\/\/goboutik.org\/index.php\/parrainage-2\/"]}]},{"@type":"ImageObject","inLanguage":"fr-FR","@id":"https:\/\/goboutik.org\/index.php\/parrainage-2\/#primaryimage","url":"https:\/\/goboutik.org\/wp-content\/uploads\/2023\/07\/1579465953.png","contentUrl":"https:\/\/goboutik.org\/wp-content\/uploads\/2023\/07\/1579465953.png","width":1024,"height":302},{"@type":"BreadcrumbList","@id":"https:\/\/goboutik.org\/index.php\/parrainage-2\/#breadcrumb","itemListElement":[{"@type":"ListItem","position":1,"name":"Home","item":"https:\/\/goboutik.org\/"},{"@type":"ListItem","position":2,"name":"Parrainage"}]},{"@type":"WebSite","@id":"https:\/\/goboutik.org\/#website","url":"https:\/\/goboutik.org\/","name":"Goboutik","description":"Abonnement iptv","publisher":{"@id":"https:\/\/goboutik.org\/#organization"},"potentialAction":[{"@type":"SearchAction","target":{"@type":"EntryPoint","urlTemplate":"https:\/\/goboutik.org\/?s={search_term_string}"},"query-input":{"@type":"PropertyValueSpecification","valueRequired":true,"valueName":"search_term_string"}}],"inLanguage":"fr-FR"},{"@type":"Organization","@id":"https:\/\/goboutik.org\/#organization","name":"Goboutik","url":"https:\/\/goboutik.org\/","logo":{"@type":"ImageObject","inLanguage":"fr-FR","@id":"https:\/\/goboutik.org\/#\/schema\/logo\/image\/","url":"https:\/\/goboutik.org\/wp-content\/uploads\/2023\/07\/Logo.png","contentUrl":"https:\/\/goboutik.org\/wp-content\/uploads\/2023\/07\/Logo.png","width":114,"height":114,"caption":"Goboutik"},"image":{"@id":"https:\/\/goboutik.org\/#\/schema\/logo\/image\/"}}]}},"_links":{"self":[{"href":"https:\/\/goboutik.org\/index.php\/wp-json\/wp\/v2\/pages\/678","targetHints":{"allow":["GET"]}}],"collection":[{"href":"https:\/\/goboutik.org\/index.php\/wp-json\/wp\/v2\/pages"}],"about":[{"href":"https:\/\/goboutik.org\/index.php\/wp-json\/wp\/v2\/types\/page"}],"author":[{"embeddable":true,"href":"https:\/\/goboutik.org\/index.php\/wp-json\/wp\/v2\/users\/1"}],"replies":[{"embeddable":true,"href":"https:\/\/goboutik.org\/index.php\/wp-json\/wp\/v2\/comments?post=678"}],"version-history":[{"count":4,"href":"https:\/\/goboutik.org\/index.php\/wp-json\/wp\/v2\/pages\/678\/revisions"}],"predecessor-version":[{"id":2369,"href":"https:\/\/goboutik.org\/index.php\/wp-json\/wp\/v2\/pages\/678\/revisions\/2369"}],"wp:attachment":[{"href":"https:\/\/goboutik.org\/index.php\/wp-json\/wp\/v2\/media?parent=678"}],"curies":[{"name":"wp","href":"https:\/\/api.w.org\/{rel}","templated":true}]}}