{"id":1626,"date":"2023-09-14T16:16:15","date_gmt":"2023-09-14T14:16:15","guid":{"rendered":"https:\/\/goboutik.org\/?page_id=1626"},"modified":"2023-09-14T16:16:15","modified_gmt":"2023-09-14T14:16:15","slug":"changer-dns-sur-android-ou-ios","status":"publish","type":"page","link":"https:\/\/goboutik.org\/index.php\/changer-dns-sur-android-ou-ios\/","title":{"rendered":"Changer DNS sur Android ou iOS"},"content":{"rendered":"\n<p><strong>Changer des param\u00e8tres DNS sur votre Android<\/strong><br>Si votre appareil sous Android est connect\u00e9 \u00e0 un r\u00e9seau Wi-Fi, il vous est possible de changer le serveur DNS utilis\u00e9, sans modifier l\u2019utilisation d\u2019applications que vous avez install\u00e9es. Pour cela, cliquez sur l\u2019ic\u00f4ne R\u00e9glages. Allez dans les param\u00e8tres et cherchez sous WLAN la connexion sans fil pour laquelle vous voulez modifier les r\u00e9glages. Maintenez l\u2019appui pour faire apparaitre l\u2019option Modifier le r\u00e9seau.<\/p>\n\n\n\n<figure class=\"wp-block-image\"><img decoding=\"async\" src=\"http:\/\/mypurepanel.com\/uploads\/android-system-settings-wifi.jpg\" alt=\"\"\/><\/figure>\n\n\n\n<h5 class=\"wp-block-heading\">Sous Android, ce n\u2019est que si les connexions WLAN sont activ\u00e9es qu\u2019elles s\u2019affichent.<\/h5>\n\n\n\n<p>Dans le menu ci-dessous, touchez Option avanc\u00e9es et choisissez pour les R\u00e9glages IP l\u2019option Statique.<\/p>\n\n\n\n<figure class=\"wp-block-image\"><img decoding=\"async\" src=\"http:\/\/mypurepanel.com\/uploads\/wifi-address-configuration-in-android.jpg\" alt=\"\"\/><\/figure>\n\n\n\n<h5 class=\"wp-block-heading\">Android rassemble dans une m\u00eame fen\u00eatre la configuration manuelle des adresses IP et des adresses DNS. Mais on peut se contenter de reprendre l\u2019adresse IP en cours, attribu\u00e9e automatiquement par DHCP, comme nouvelle adresse statique.<\/h5>\n\n\n\n<p>Il suffit maintenant aux rubriques DNS 1 et DNS 2 d\u2019entrer les adresses des serveurs de Google. Valider en appuyant sur Enregistrer.<\/p>\n\n\n\n<figure class=\"wp-block-image\"><img decoding=\"async\" src=\"http:\/\/mypurepanel.com\/uploads\/dns-address-entries-in-android.jpg\" alt=\"\"\/><\/figure>\n\n\n\n<h5 class=\"wp-block-heading\">Sous Android, il est fr\u00e9quent que l\u2019adresse du serveur DNS public de Google (8.8.4.4) soit pr\u00e9configur\u00e9e en option.<\/h5>\n\n\n\n<p><strong>Changer des param\u00e8tres DNS sur votre iOS<\/strong><\/p>\n\n\n\n<p>Dans cet exemple, nous allons configurer notre iOS (iPhone, iPad, etc.) pour utiliser les serveurs Google DNS (8.8.8.8 + 8.8.4.4).<br>Cela peut \u00e9ventuellement am\u00e9liorer la vitesse \u2013 notez que cela peut \u00eatre fait seulement si vous utilisez la connexion WiFi.<br>D\u00e9monstaration vid\u00e9o:<\/p>\n\n\n\n<p>Allez aux R\u00e9glages sur votre iOS et naviguez aux Param\u00e8tres WiFi.<\/p>\n\n\n\n<figure class=\"wp-block-image\"><img decoding=\"async\" src=\"https:\/\/p6.zdassets.com\/hc\/theme_assets\/287093\/200032898\/iosdnsr.PNG\" alt=\"\"\/><\/figure>\n\n\n\n<p>S\u00e9lectionnez le r\u00e9seau WLAN auquel vous vous \u00eates connect\u00e9 et appuyez sur la \u00ab&nbsp;<strong>i<\/strong>&nbsp;\u00bb bleue de son c\u00f4t\u00e9.<\/p>\n\n\n\n<figure class=\"wp-block-image\"><img decoding=\"async\" src=\"https:\/\/p6.zdassets.com\/hc\/theme_assets\/287093\/200032898\/iosdns1r.PNG\" alt=\"\"\/><\/figure>\n\n\n\n<p>Changez les param\u00e8tres DNS aux serveurs Google DNS en appuyant sur la ligne \u00ab&nbsp;<strong>DNS<\/strong>&nbsp;\u00bb<\/p>\n\n\n\n<figure class=\"wp-block-image\"><img decoding=\"async\" src=\"https:\/\/p6.zdassets.com\/hc\/theme_assets\/287093\/200032898\/iosdns2r.PNG\" alt=\"\"\/><\/figure>\n\n\n\n<p>Dans le champ DNS, entrez&nbsp;<strong>8.8.8.8, 8.8.4.4<\/strong><\/p>\n\n\n\n<p>(<strong>virgule&nbsp;<\/strong>et&nbsp;<strong>espace<\/strong>&nbsp;sont importants!)<\/p>\n\n\n\n<p>Revenez \u00e0 l\u2019\u00e9cran pr\u00e9c\u00e9dent et appuyez sur le bouton&nbsp;<strong>Accqueil<\/strong>.<\/p>\n\n\n\n<figure class=\"wp-block-image\"><img decoding=\"async\" src=\"https:\/\/p6.zdassets.com\/hc\/theme_assets\/287093\/200032898\/iosdns3r.PNG\" alt=\"\"\/><\/figure>\n\n\n\n<p>Et c\u2019est fait \ud83d\ude42<\/p>\n","protected":false},"excerpt":{"rendered":"<p>Changer des param\u00e8tres DNS sur votre AndroidSi votre appareil sous Android est connect\u00e9 \u00e0 un r\u00e9seau Wi-Fi, il vous est possible de changer le serveur DNS utilis\u00e9, sans modifier l\u2019utilisation d\u2019applications que vous avez install\u00e9es. Pour cela, cliquez sur l\u2019ic\u00f4ne R\u00e9glages. Allez dans les param\u00e8tres et cherchez sous WLAN la connexion sans fil pour laquelle [&hellip;]<\/p>\n","protected":false},"author":1,"featured_media":0,"parent":0,"menu_order":0,"comment_status":"closed","ping_status":"closed","template":"","meta":{"footnotes":""},"class_list":["post-1626","page","type-page","status-publish","hentry"],"blocksy_meta":[],"yoast_head":"<!-- This site is optimized with the Yoast SEO plugin v27.3 - https:\/\/yoast.com\/product\/yoast-seo-wordpress\/ -->\n<title>Changer DNS sur Android ou iOS - Goboutik<\/title>\n<meta name=\"robots\" content=\"index, follow, max-snippet:-1, max-image-preview:large, max-video-preview:-1\" \/>\n<link rel=\"canonical\" href=\"https:\/\/goboutik.org\/index.php\/changer-dns-sur-android-ou-ios\/\" \/>\n<meta property=\"og:locale\" content=\"fr_FR\" \/>\n<meta property=\"og:type\" content=\"article\" \/>\n<meta property=\"og:title\" content=\"Changer DNS sur Android ou iOS - Goboutik\" \/>\n<meta property=\"og:description\" content=\"Changer des param\u00e8tres DNS sur votre AndroidSi votre appareil sous Android est connect\u00e9 \u00e0 un r\u00e9seau Wi-Fi, il vous est possible de changer le serveur DNS utilis\u00e9, sans modifier l\u2019utilisation d\u2019applications que vous avez install\u00e9es. Pour cela, cliquez sur l\u2019ic\u00f4ne R\u00e9glages. Allez dans les param\u00e8tres et cherchez sous WLAN la connexion sans fil pour laquelle [&hellip;]\" \/>\n<meta property=\"og:url\" content=\"https:\/\/goboutik.org\/index.php\/changer-dns-sur-android-ou-ios\/\" \/>\n<meta property=\"og:site_name\" content=\"Goboutik\" \/>\n<meta property=\"og:image\" content=\"http:\/\/mypurepanel.com\/uploads\/android-system-settings-wifi.jpg\" \/>\n<meta name=\"twitter:card\" content=\"summary_large_image\" \/>\n<meta name=\"twitter:label1\" content=\"Dur\u00e9e de lecture estim\u00e9e\" \/>\n\t<meta name=\"twitter:data1\" content=\"3 minutes\" \/>\n<script type=\"application\/ld+json\" class=\"yoast-schema-graph\">{\"@context\":\"https:\\\/\\\/schema.org\",\"@graph\":[{\"@type\":\"WebPage\",\"@id\":\"https:\\\/\\\/goboutik.org\\\/index.php\\\/changer-dns-sur-android-ou-ios\\\/\",\"url\":\"https:\\\/\\\/goboutik.org\\\/index.php\\\/changer-dns-sur-android-ou-ios\\\/\",\"name\":\"Changer DNS sur Android ou iOS - Goboutik\",\"isPartOf\":{\"@id\":\"https:\\\/\\\/goboutik.org\\\/#website\"},\"primaryImageOfPage\":{\"@id\":\"https:\\\/\\\/goboutik.org\\\/index.php\\\/changer-dns-sur-android-ou-ios\\\/#primaryimage\"},\"image\":{\"@id\":\"https:\\\/\\\/goboutik.org\\\/index.php\\\/changer-dns-sur-android-ou-ios\\\/#primaryimage\"},\"thumbnailUrl\":\"http:\\\/\\\/mypurepanel.com\\\/uploads\\\/android-system-settings-wifi.jpg\",\"datePublished\":\"2023-09-14T14:16:15+00:00\",\"breadcrumb\":{\"@id\":\"https:\\\/\\\/goboutik.org\\\/index.php\\\/changer-dns-sur-android-ou-ios\\\/#breadcrumb\"},\"inLanguage\":\"fr-FR\",\"potentialAction\":[{\"@type\":\"ReadAction\",\"target\":[\"https:\\\/\\\/goboutik.org\\\/index.php\\\/changer-dns-sur-android-ou-ios\\\/\"]}]},{\"@type\":\"ImageObject\",\"inLanguage\":\"fr-FR\",\"@id\":\"https:\\\/\\\/goboutik.org\\\/index.php\\\/changer-dns-sur-android-ou-ios\\\/#primaryimage\",\"url\":\"http:\\\/\\\/mypurepanel.com\\\/uploads\\\/android-system-settings-wifi.jpg\",\"contentUrl\":\"http:\\\/\\\/mypurepanel.com\\\/uploads\\\/android-system-settings-wifi.jpg\"},{\"@type\":\"BreadcrumbList\",\"@id\":\"https:\\\/\\\/goboutik.org\\\/index.php\\\/changer-dns-sur-android-ou-ios\\\/#breadcrumb\",\"itemListElement\":[{\"@type\":\"ListItem\",\"position\":1,\"name\":\"Home\",\"item\":\"https:\\\/\\\/goboutik.org\\\/\"},{\"@type\":\"ListItem\",\"position\":2,\"name\":\"Changer DNS sur Android ou iOS\"}]},{\"@type\":\"WebSite\",\"@id\":\"https:\\\/\\\/goboutik.org\\\/#website\",\"url\":\"https:\\\/\\\/goboutik.org\\\/\",\"name\":\"Goboutik\",\"description\":\"Abonnement iptv\",\"publisher\":{\"@id\":\"https:\\\/\\\/goboutik.org\\\/#organization\"},\"potentialAction\":[{\"@type\":\"SearchAction\",\"target\":{\"@type\":\"EntryPoint\",\"urlTemplate\":\"https:\\\/\\\/goboutik.org\\\/?s={search_term_string}\"},\"query-input\":{\"@type\":\"PropertyValueSpecification\",\"valueRequired\":true,\"valueName\":\"search_term_string\"}}],\"inLanguage\":\"fr-FR\"},{\"@type\":\"Organization\",\"@id\":\"https:\\\/\\\/goboutik.org\\\/#organization\",\"name\":\"Goboutik\",\"url\":\"https:\\\/\\\/goboutik.org\\\/\",\"logo\":{\"@type\":\"ImageObject\",\"inLanguage\":\"fr-FR\",\"@id\":\"https:\\\/\\\/goboutik.org\\\/#\\\/schema\\\/logo\\\/image\\\/\",\"url\":\"https:\\\/\\\/goboutik.org\\\/wp-content\\\/uploads\\\/2023\\\/07\\\/Logo.png\",\"contentUrl\":\"https:\\\/\\\/goboutik.org\\\/wp-content\\\/uploads\\\/2023\\\/07\\\/Logo.png\",\"width\":114,\"height\":114,\"caption\":\"Goboutik\"},\"image\":{\"@id\":\"https:\\\/\\\/goboutik.org\\\/#\\\/schema\\\/logo\\\/image\\\/\"}}]}<\/script>\n<!-- \/ Yoast SEO plugin. -->","yoast_head_json":{"title":"Changer DNS sur Android ou iOS - Goboutik","robots":{"index":"index","follow":"follow","max-snippet":"max-snippet:-1","max-image-preview":"max-image-preview:large","max-video-preview":"max-video-preview:-1"},"canonical":"https:\/\/goboutik.org\/index.php\/changer-dns-sur-android-ou-ios\/","og_locale":"fr_FR","og_type":"article","og_title":"Changer DNS sur Android ou iOS - Goboutik","og_description":"Changer des param\u00e8tres DNS sur votre AndroidSi votre appareil sous Android est connect\u00e9 \u00e0 un r\u00e9seau Wi-Fi, il vous est possible de changer le serveur DNS utilis\u00e9, sans modifier l\u2019utilisation d\u2019applications que vous avez install\u00e9es. Pour cela, cliquez sur l\u2019ic\u00f4ne R\u00e9glages. Allez dans les param\u00e8tres et cherchez sous WLAN la connexion sans fil pour laquelle [&hellip;]","og_url":"https:\/\/goboutik.org\/index.php\/changer-dns-sur-android-ou-ios\/","og_site_name":"Goboutik","og_image":[{"url":"http:\/\/mypurepanel.com\/uploads\/android-system-settings-wifi.jpg","type":"","width":"","height":""}],"twitter_card":"summary_large_image","twitter_misc":{"Dur\u00e9e de lecture estim\u00e9e":"3 minutes"},"schema":{"@context":"https:\/\/schema.org","@graph":[{"@type":"WebPage","@id":"https:\/\/goboutik.org\/index.php\/changer-dns-sur-android-ou-ios\/","url":"https:\/\/goboutik.org\/index.php\/changer-dns-sur-android-ou-ios\/","name":"Changer DNS sur Android ou iOS - Goboutik","isPartOf":{"@id":"https:\/\/goboutik.org\/#website"},"primaryImageOfPage":{"@id":"https:\/\/goboutik.org\/index.php\/changer-dns-sur-android-ou-ios\/#primaryimage"},"image":{"@id":"https:\/\/goboutik.org\/index.php\/changer-dns-sur-android-ou-ios\/#primaryimage"},"thumbnailUrl":"http:\/\/mypurepanel.com\/uploads\/android-system-settings-wifi.jpg","datePublished":"2023-09-14T14:16:15+00:00","breadcrumb":{"@id":"https:\/\/goboutik.org\/index.php\/changer-dns-sur-android-ou-ios\/#breadcrumb"},"inLanguage":"fr-FR","potentialAction":[{"@type":"ReadAction","target":["https:\/\/goboutik.org\/index.php\/changer-dns-sur-android-ou-ios\/"]}]},{"@type":"ImageObject","inLanguage":"fr-FR","@id":"https:\/\/goboutik.org\/index.php\/changer-dns-sur-android-ou-ios\/#primaryimage","url":"http:\/\/mypurepanel.com\/uploads\/android-system-settings-wifi.jpg","contentUrl":"http:\/\/mypurepanel.com\/uploads\/android-system-settings-wifi.jpg"},{"@type":"BreadcrumbList","@id":"https:\/\/goboutik.org\/index.php\/changer-dns-sur-android-ou-ios\/#breadcrumb","itemListElement":[{"@type":"ListItem","position":1,"name":"Home","item":"https:\/\/goboutik.org\/"},{"@type":"ListItem","position":2,"name":"Changer DNS sur Android ou iOS"}]},{"@type":"WebSite","@id":"https:\/\/goboutik.org\/#website","url":"https:\/\/goboutik.org\/","name":"Goboutik","description":"Abonnement iptv","publisher":{"@id":"https:\/\/goboutik.org\/#organization"},"potentialAction":[{"@type":"SearchAction","target":{"@type":"EntryPoint","urlTemplate":"https:\/\/goboutik.org\/?s={search_term_string}"},"query-input":{"@type":"PropertyValueSpecification","valueRequired":true,"valueName":"search_term_string"}}],"inLanguage":"fr-FR"},{"@type":"Organization","@id":"https:\/\/goboutik.org\/#organization","name":"Goboutik","url":"https:\/\/goboutik.org\/","logo":{"@type":"ImageObject","inLanguage":"fr-FR","@id":"https:\/\/goboutik.org\/#\/schema\/logo\/image\/","url":"https:\/\/goboutik.org\/wp-content\/uploads\/2023\/07\/Logo.png","contentUrl":"https:\/\/goboutik.org\/wp-content\/uploads\/2023\/07\/Logo.png","width":114,"height":114,"caption":"Goboutik"},"image":{"@id":"https:\/\/goboutik.org\/#\/schema\/logo\/image\/"}}]}},"_links":{"self":[{"href":"https:\/\/goboutik.org\/index.php\/wp-json\/wp\/v2\/pages\/1626","targetHints":{"allow":["GET"]}}],"collection":[{"href":"https:\/\/goboutik.org\/index.php\/wp-json\/wp\/v2\/pages"}],"about":[{"href":"https:\/\/goboutik.org\/index.php\/wp-json\/wp\/v2\/types\/page"}],"author":[{"embeddable":true,"href":"https:\/\/goboutik.org\/index.php\/wp-json\/wp\/v2\/users\/1"}],"replies":[{"embeddable":true,"href":"https:\/\/goboutik.org\/index.php\/wp-json\/wp\/v2\/comments?post=1626"}],"version-history":[{"count":1,"href":"https:\/\/goboutik.org\/index.php\/wp-json\/wp\/v2\/pages\/1626\/revisions"}],"predecessor-version":[{"id":1627,"href":"https:\/\/goboutik.org\/index.php\/wp-json\/wp\/v2\/pages\/1626\/revisions\/1627"}],"wp:attachment":[{"href":"https:\/\/goboutik.org\/index.php\/wp-json\/wp\/v2\/media?parent=1626"}],"curies":[{"name":"wp","href":"https:\/\/api.w.org\/{rel}","templated":true}]}}