{"id":1624,"date":"2023-09-14T16:15:37","date_gmt":"2023-09-14T14:15:37","guid":{"rendered":"https:\/\/goboutik.org\/?page_id=1624"},"modified":"2023-09-14T16:15:37","modified_gmt":"2023-09-14T14:15:37","slug":"contourner-le-blocage-dns-de-bouygues-telecom-contre-les-serveurs-iptv","status":"publish","type":"page","link":"https:\/\/goboutik.org\/index.php\/contourner-le-blocage-dns-de-bouygues-telecom-contre-les-serveurs-iptv\/","title":{"rendered":"Contourner le blocage DNS de Bouygues Telecom contre les serveurs IPTV"},"content":{"rendered":"\n<p>Suite au blocage DNS contre les serveurs IPTV par l\u2019op\u00e9rateur Bouygues Telecom, la m\u00e9thode la plus efficace qui est fonctionnel contre Bouygues et qui le sera aussi pour les autres fournisseurs :<br>\u2013 Blocage de DNS Bouygues Telecom.<br>\u2013 Forcer un DNS sur tous les \u00e9quipements.<br>\u2013 Pas de configuration \u00e0 r\u00e9aliser sur tous les \u00e9quipements.<br>Techniquement il faut faire comme suit :<\/p>\n\n\n\n<p>1- Se rendre \u00e0 cette adresse :&nbsp;<a href=\"https:\/\/mabbox.bytel.fr\/firewall.html\">https:\/\/mabbox.bytel.fr\/firewall.html<\/a><\/p>\n\n\n\n<p>2- Entrer les informations comme suit sur la capture d\u2019\u00e9cran :<a href=\"https:\/\/iptvsharing.net\/wp-content\/uploads\/2022\/02\/BBOX-Block-DNS-Redirection-1.png\"><\/a><\/p>\n\n\n\n<p><a href=\"https:\/\/iptvsharing.net\/wp-content\/uploads\/2022\/02\/BBOX-Block-DNS-Redirection-1.png\">3-<\/a>Se rendre \u00e0 cette adresse :&nbsp;<a href=\"https:\/\/mabbox.bytel.fr\/dhcp.html\">https:\/\/mabbox.bytel.fr\/dhcp.html<\/a><\/p>\n\n\n\n<p>4-&nbsp; Entrer les informations comme suit sur la capture d\u2019\u00e9cran :<\/p>\n\n\n\n<figure class=\"wp-block-image\"><a href=\"https:\/\/iptvsharing.net\/wp-content\/uploads\/2022\/02\/BBOX_DHCP_Options-1.png\"><img decoding=\"async\" src=\"https:\/\/iptvsharing.net\/wp-content\/uploads\/2022\/02\/BBOX_DHCP_Options-1.png\" alt=\"\" class=\"wp-image-124109\"\/><\/a><\/figure>\n\n\n\n<p>Si vous avez une box Android et vous savez comment instaleller un APK manuellement voici la m\u00e9thode :<\/p>\n\n\n\n<p>Installez seulement l\u2019apk dns changer lilly 1.6.2 ( 1.54 mo) et Pour Android TV, installez aussi l\u2019apk: Lilly DNS Changer \u2013 Homescreen Shortcut.<\/p>\n\n\n\n<p>Dans settings en haut \u00e0 droite, cocher la case connect on system startup.<\/p>\n\n\n\n<p>Ensuite choisissez le serveur dns de votre choix dans la liste:<\/p>\n\n\n\n<p>Laissez la case IPv6 d\u00e9coch\u00e9e.<br>cliquez ensuite en bas sur connect.<\/p>\n\n\n\n<p>Cela va cr\u00e9er une fausse connexion vpn ( n\u00e9cessaire donc acceptez) et vous n\u2019aurez plus jamais de blocage d\u2019URL par votre fournisseur internet.<\/p>\n\n\n\n<p>Lien vers apk:<br><a href=\"https:\/\/mega.nz\/folder\/NDxAQLjL#AFSuts4Ol1ZcTku64x3foA\">https:\/\/mega.nz\/folder\/NDxAQLjL#AFSuts4Ol1ZcTku64x3foA<\/a><\/p>\n\n\n\n<p>Et voil\u00e0 le tutoriel est termin\u00e9.<\/p>\n\n\n\n<p><\/p>\n","protected":false},"excerpt":{"rendered":"<p>Suite au blocage DNS contre les serveurs IPTV par l\u2019op\u00e9rateur Bouygues Telecom, la m\u00e9thode la plus efficace qui est fonctionnel contre Bouygues et qui le sera aussi pour les autres fournisseurs :\u2013 Blocage de DNS Bouygues Telecom.\u2013 Forcer un DNS sur tous les \u00e9quipements.\u2013 Pas de configuration \u00e0 r\u00e9aliser sur tous les \u00e9quipements.Techniquement il faut [&hellip;]<\/p>\n","protected":false},"author":1,"featured_media":0,"parent":0,"menu_order":0,"comment_status":"closed","ping_status":"closed","template":"","meta":{"footnotes":""},"class_list":["post-1624","page","type-page","status-publish","hentry"],"blocksy_meta":[],"yoast_head":"<!-- This site is optimized with the Yoast SEO plugin v27.3 - https:\/\/yoast.com\/product\/yoast-seo-wordpress\/ -->\n<title>Contourner le blocage DNS de Bouygues Telecom contre les serveurs IPTV - Goboutik<\/title>\n<meta name=\"robots\" content=\"index, follow, max-snippet:-1, max-image-preview:large, max-video-preview:-1\" \/>\n<link rel=\"canonical\" href=\"https:\/\/goboutik.org\/index.php\/contourner-le-blocage-dns-de-bouygues-telecom-contre-les-serveurs-iptv\/\" \/>\n<meta property=\"og:locale\" content=\"fr_FR\" \/>\n<meta property=\"og:type\" content=\"article\" \/>\n<meta property=\"og:title\" content=\"Contourner le blocage DNS de Bouygues Telecom contre les serveurs IPTV - Goboutik\" \/>\n<meta property=\"og:description\" content=\"Suite au blocage DNS contre les serveurs IPTV par l\u2019op\u00e9rateur Bouygues Telecom, la m\u00e9thode la plus efficace qui est fonctionnel contre Bouygues et qui le sera aussi pour les autres fournisseurs :\u2013 Blocage de DNS Bouygues Telecom.\u2013 Forcer un DNS sur tous les \u00e9quipements.\u2013 Pas de configuration \u00e0 r\u00e9aliser sur tous les \u00e9quipements.Techniquement il faut [&hellip;]\" \/>\n<meta property=\"og:url\" content=\"https:\/\/goboutik.org\/index.php\/contourner-le-blocage-dns-de-bouygues-telecom-contre-les-serveurs-iptv\/\" \/>\n<meta property=\"og:site_name\" content=\"Goboutik\" \/>\n<meta property=\"og:image\" content=\"https:\/\/iptvsharing.net\/wp-content\/uploads\/2022\/02\/BBOX_DHCP_Options-1.png\" \/>\n<meta name=\"twitter:card\" content=\"summary_large_image\" \/>\n<meta name=\"twitter:label1\" content=\"Dur\u00e9e de lecture estim\u00e9e\" \/>\n\t<meta name=\"twitter:data1\" content=\"2 minutes\" \/>\n<script type=\"application\/ld+json\" class=\"yoast-schema-graph\">{\"@context\":\"https:\\\/\\\/schema.org\",\"@graph\":[{\"@type\":\"WebPage\",\"@id\":\"https:\\\/\\\/goboutik.org\\\/index.php\\\/contourner-le-blocage-dns-de-bouygues-telecom-contre-les-serveurs-iptv\\\/\",\"url\":\"https:\\\/\\\/goboutik.org\\\/index.php\\\/contourner-le-blocage-dns-de-bouygues-telecom-contre-les-serveurs-iptv\\\/\",\"name\":\"Contourner le blocage DNS de Bouygues Telecom contre les serveurs IPTV - Goboutik\",\"isPartOf\":{\"@id\":\"https:\\\/\\\/goboutik.org\\\/#website\"},\"primaryImageOfPage\":{\"@id\":\"https:\\\/\\\/goboutik.org\\\/index.php\\\/contourner-le-blocage-dns-de-bouygues-telecom-contre-les-serveurs-iptv\\\/#primaryimage\"},\"image\":{\"@id\":\"https:\\\/\\\/goboutik.org\\\/index.php\\\/contourner-le-blocage-dns-de-bouygues-telecom-contre-les-serveurs-iptv\\\/#primaryimage\"},\"thumbnailUrl\":\"https:\\\/\\\/iptvsharing.net\\\/wp-content\\\/uploads\\\/2022\\\/02\\\/BBOX_DHCP_Options-1.png\",\"datePublished\":\"2023-09-14T14:15:37+00:00\",\"breadcrumb\":{\"@id\":\"https:\\\/\\\/goboutik.org\\\/index.php\\\/contourner-le-blocage-dns-de-bouygues-telecom-contre-les-serveurs-iptv\\\/#breadcrumb\"},\"inLanguage\":\"fr-FR\",\"potentialAction\":[{\"@type\":\"ReadAction\",\"target\":[\"https:\\\/\\\/goboutik.org\\\/index.php\\\/contourner-le-blocage-dns-de-bouygues-telecom-contre-les-serveurs-iptv\\\/\"]}]},{\"@type\":\"ImageObject\",\"inLanguage\":\"fr-FR\",\"@id\":\"https:\\\/\\\/goboutik.org\\\/index.php\\\/contourner-le-blocage-dns-de-bouygues-telecom-contre-les-serveurs-iptv\\\/#primaryimage\",\"url\":\"https:\\\/\\\/iptvsharing.net\\\/wp-content\\\/uploads\\\/2022\\\/02\\\/BBOX_DHCP_Options-1.png\",\"contentUrl\":\"https:\\\/\\\/iptvsharing.net\\\/wp-content\\\/uploads\\\/2022\\\/02\\\/BBOX_DHCP_Options-1.png\"},{\"@type\":\"BreadcrumbList\",\"@id\":\"https:\\\/\\\/goboutik.org\\\/index.php\\\/contourner-le-blocage-dns-de-bouygues-telecom-contre-les-serveurs-iptv\\\/#breadcrumb\",\"itemListElement\":[{\"@type\":\"ListItem\",\"position\":1,\"name\":\"Home\",\"item\":\"https:\\\/\\\/goboutik.org\\\/\"},{\"@type\":\"ListItem\",\"position\":2,\"name\":\"Contourner le blocage DNS de Bouygues Telecom contre les serveurs IPTV\"}]},{\"@type\":\"WebSite\",\"@id\":\"https:\\\/\\\/goboutik.org\\\/#website\",\"url\":\"https:\\\/\\\/goboutik.org\\\/\",\"name\":\"Goboutik\",\"description\":\"Abonnement iptv\",\"publisher\":{\"@id\":\"https:\\\/\\\/goboutik.org\\\/#organization\"},\"potentialAction\":[{\"@type\":\"SearchAction\",\"target\":{\"@type\":\"EntryPoint\",\"urlTemplate\":\"https:\\\/\\\/goboutik.org\\\/?s={search_term_string}\"},\"query-input\":{\"@type\":\"PropertyValueSpecification\",\"valueRequired\":true,\"valueName\":\"search_term_string\"}}],\"inLanguage\":\"fr-FR\"},{\"@type\":\"Organization\",\"@id\":\"https:\\\/\\\/goboutik.org\\\/#organization\",\"name\":\"Goboutik\",\"url\":\"https:\\\/\\\/goboutik.org\\\/\",\"logo\":{\"@type\":\"ImageObject\",\"inLanguage\":\"fr-FR\",\"@id\":\"https:\\\/\\\/goboutik.org\\\/#\\\/schema\\\/logo\\\/image\\\/\",\"url\":\"https:\\\/\\\/goboutik.org\\\/wp-content\\\/uploads\\\/2023\\\/07\\\/Logo.png\",\"contentUrl\":\"https:\\\/\\\/goboutik.org\\\/wp-content\\\/uploads\\\/2023\\\/07\\\/Logo.png\",\"width\":114,\"height\":114,\"caption\":\"Goboutik\"},\"image\":{\"@id\":\"https:\\\/\\\/goboutik.org\\\/#\\\/schema\\\/logo\\\/image\\\/\"}}]}<\/script>\n<!-- \/ Yoast SEO plugin. -->","yoast_head_json":{"title":"Contourner le blocage DNS de Bouygues Telecom contre les serveurs IPTV - Goboutik","robots":{"index":"index","follow":"follow","max-snippet":"max-snippet:-1","max-image-preview":"max-image-preview:large","max-video-preview":"max-video-preview:-1"},"canonical":"https:\/\/goboutik.org\/index.php\/contourner-le-blocage-dns-de-bouygues-telecom-contre-les-serveurs-iptv\/","og_locale":"fr_FR","og_type":"article","og_title":"Contourner le blocage DNS de Bouygues Telecom contre les serveurs IPTV - Goboutik","og_description":"Suite au blocage DNS contre les serveurs IPTV par l\u2019op\u00e9rateur Bouygues Telecom, la m\u00e9thode la plus efficace qui est fonctionnel contre Bouygues et qui le sera aussi pour les autres fournisseurs :\u2013 Blocage de DNS Bouygues Telecom.\u2013 Forcer un DNS sur tous les \u00e9quipements.\u2013 Pas de configuration \u00e0 r\u00e9aliser sur tous les \u00e9quipements.Techniquement il faut [&hellip;]","og_url":"https:\/\/goboutik.org\/index.php\/contourner-le-blocage-dns-de-bouygues-telecom-contre-les-serveurs-iptv\/","og_site_name":"Goboutik","og_image":[{"url":"https:\/\/iptvsharing.net\/wp-content\/uploads\/2022\/02\/BBOX_DHCP_Options-1.png","type":"","width":"","height":""}],"twitter_card":"summary_large_image","twitter_misc":{"Dur\u00e9e de lecture estim\u00e9e":"2 minutes"},"schema":{"@context":"https:\/\/schema.org","@graph":[{"@type":"WebPage","@id":"https:\/\/goboutik.org\/index.php\/contourner-le-blocage-dns-de-bouygues-telecom-contre-les-serveurs-iptv\/","url":"https:\/\/goboutik.org\/index.php\/contourner-le-blocage-dns-de-bouygues-telecom-contre-les-serveurs-iptv\/","name":"Contourner le blocage DNS de Bouygues Telecom contre les serveurs IPTV - Goboutik","isPartOf":{"@id":"https:\/\/goboutik.org\/#website"},"primaryImageOfPage":{"@id":"https:\/\/goboutik.org\/index.php\/contourner-le-blocage-dns-de-bouygues-telecom-contre-les-serveurs-iptv\/#primaryimage"},"image":{"@id":"https:\/\/goboutik.org\/index.php\/contourner-le-blocage-dns-de-bouygues-telecom-contre-les-serveurs-iptv\/#primaryimage"},"thumbnailUrl":"https:\/\/iptvsharing.net\/wp-content\/uploads\/2022\/02\/BBOX_DHCP_Options-1.png","datePublished":"2023-09-14T14:15:37+00:00","breadcrumb":{"@id":"https:\/\/goboutik.org\/index.php\/contourner-le-blocage-dns-de-bouygues-telecom-contre-les-serveurs-iptv\/#breadcrumb"},"inLanguage":"fr-FR","potentialAction":[{"@type":"ReadAction","target":["https:\/\/goboutik.org\/index.php\/contourner-le-blocage-dns-de-bouygues-telecom-contre-les-serveurs-iptv\/"]}]},{"@type":"ImageObject","inLanguage":"fr-FR","@id":"https:\/\/goboutik.org\/index.php\/contourner-le-blocage-dns-de-bouygues-telecom-contre-les-serveurs-iptv\/#primaryimage","url":"https:\/\/iptvsharing.net\/wp-content\/uploads\/2022\/02\/BBOX_DHCP_Options-1.png","contentUrl":"https:\/\/iptvsharing.net\/wp-content\/uploads\/2022\/02\/BBOX_DHCP_Options-1.png"},{"@type":"BreadcrumbList","@id":"https:\/\/goboutik.org\/index.php\/contourner-le-blocage-dns-de-bouygues-telecom-contre-les-serveurs-iptv\/#breadcrumb","itemListElement":[{"@type":"ListItem","position":1,"name":"Home","item":"https:\/\/goboutik.org\/"},{"@type":"ListItem","position":2,"name":"Contourner le blocage DNS de Bouygues Telecom contre les serveurs IPTV"}]},{"@type":"WebSite","@id":"https:\/\/goboutik.org\/#website","url":"https:\/\/goboutik.org\/","name":"Goboutik","description":"Abonnement iptv","publisher":{"@id":"https:\/\/goboutik.org\/#organization"},"potentialAction":[{"@type":"SearchAction","target":{"@type":"EntryPoint","urlTemplate":"https:\/\/goboutik.org\/?s={search_term_string}"},"query-input":{"@type":"PropertyValueSpecification","valueRequired":true,"valueName":"search_term_string"}}],"inLanguage":"fr-FR"},{"@type":"Organization","@id":"https:\/\/goboutik.org\/#organization","name":"Goboutik","url":"https:\/\/goboutik.org\/","logo":{"@type":"ImageObject","inLanguage":"fr-FR","@id":"https:\/\/goboutik.org\/#\/schema\/logo\/image\/","url":"https:\/\/goboutik.org\/wp-content\/uploads\/2023\/07\/Logo.png","contentUrl":"https:\/\/goboutik.org\/wp-content\/uploads\/2023\/07\/Logo.png","width":114,"height":114,"caption":"Goboutik"},"image":{"@id":"https:\/\/goboutik.org\/#\/schema\/logo\/image\/"}}]}},"_links":{"self":[{"href":"https:\/\/goboutik.org\/index.php\/wp-json\/wp\/v2\/pages\/1624","targetHints":{"allow":["GET"]}}],"collection":[{"href":"https:\/\/goboutik.org\/index.php\/wp-json\/wp\/v2\/pages"}],"about":[{"href":"https:\/\/goboutik.org\/index.php\/wp-json\/wp\/v2\/types\/page"}],"author":[{"embeddable":true,"href":"https:\/\/goboutik.org\/index.php\/wp-json\/wp\/v2\/users\/1"}],"replies":[{"embeddable":true,"href":"https:\/\/goboutik.org\/index.php\/wp-json\/wp\/v2\/comments?post=1624"}],"version-history":[{"count":1,"href":"https:\/\/goboutik.org\/index.php\/wp-json\/wp\/v2\/pages\/1624\/revisions"}],"predecessor-version":[{"id":1625,"href":"https:\/\/goboutik.org\/index.php\/wp-json\/wp\/v2\/pages\/1624\/revisions\/1625"}],"wp:attachment":[{"href":"https:\/\/goboutik.org\/index.php\/wp-json\/wp\/v2\/media?parent=1624"}],"curies":[{"name":"wp","href":"https:\/\/api.w.org\/{rel}","templated":true}]}}