{"id":1620,"date":"2023-09-14T16:14:05","date_gmt":"2023-09-14T14:14:05","guid":{"rendered":"https:\/\/goboutik.org\/?page_id=1620"},"modified":"2023-09-14T16:14:05","modified_gmt":"2023-09-14T14:14:05","slug":"comment-changer-le-dns-sur-un-fire-tv-stick","status":"publish","type":"page","link":"https:\/\/goboutik.org\/index.php\/comment-changer-le-dns-sur-un-fire-tv-stick\/","title":{"rendered":"Comment Changer le DNS sur un Fire TV Stick"},"content":{"rendered":"\n<p><strong>Allez dans Param\u00e8tres -&gt; My Fire TV -&gt; \u00c0 propos -&gt; R\u00e9seau et notez tous les param\u00e8tres (prendre une photo avec votre t\u00e9l\u00e9phone est un moyen simple de le faire).<br>Go to Settings -&gt; My Fire TV -&gt; About -&gt; Network and make a note of all the settings there (taking a photo with your phone is an easy way to do this).<\/strong><\/p>\n\n\n\n<figure class=\"wp-block-image\"><img decoding=\"async\" src=\"http:\/\/mypurepanel.com\/uploads\/firestickdns.png\" alt=\"\"\/><\/figure>\n\n\n\n<p><strong>Allez dans Param\u00e8tres -&gt; R\u00e9seau et s\u00e9lectionnez votre r\u00e9seau Wi-Fi. Cliquez sur le bouton de menu de la t\u00e9l\u00e9commande (\u2630) pour oublier ce r\u00e9seau.<\/strong><\/p>\n\n\n\n<p><strong>Go to Settings -&gt; Network and select your Wi-Fi network. Click the remote\u2019s menu button (\u2630) to forget this network.<\/strong><\/p>\n\n\n\n<figure class=\"wp-block-image\"><img decoding=\"async\" src=\"http:\/\/mypurepanel.com\/uploads\/firestickdns1.png\" alt=\"\"\/><\/figure>\n\n\n\n<p><strong>Cliquez \u00e0 nouveau sur la connexion et entrez votre mot de passe r\u00e9seau (SSID). Au lieu de cliquer sur Connecter, cliquez sur Avanc\u00e9.<\/strong><\/p>\n\n\n\n<p><strong>Click on the connection again and enter your network password (SSID). Instead of clicking Connect, click Advanced.<\/strong><\/p>\n\n\n\n<figure class=\"wp-block-image\"><img decoding=\"async\" src=\"http:\/\/mypurepanel.com\/uploads\/firestickdns2.png\" alt=\"\"\/><\/figure>\n\n\n\n<p><strong>Saisissez \u201cl\u2019adresse IP\u201d\u2026<\/strong><\/p>\n\n\n\n<p><strong>Enter the \u201cIP address\u201d\u2026<\/strong><\/p>\n\n\n\n<figure class=\"wp-block-image\"><img decoding=\"async\" src=\"http:\/\/mypurepanel.com\/uploads\/firestickdns3.png\" alt=\"\"\/><\/figure>\n\n\n\n<p><strong>\u2026 et les valeurs \u201cPasserelle\u201d que vous avez not\u00e9es \u00e0 l\u2019\u00e9tape 1.<\/strong><\/p>\n\n\n\n<p><strong>\u2026 and \u201cGateway\u201d values you noted in step 1.<\/strong><\/p>\n\n\n\n<figure class=\"wp-block-image\"><img decoding=\"async\" src=\"http:\/\/mypurepanel.com\/uploads\/firestickdns5.png\" alt=\"\"\/><\/figure>\n\n\n\n<p><strong>Pour le masque de sous-r\u00e9seau, il peut y avoir quelques options&nbsp;: entrez 24 si la valeur du masque de sous-r\u00e9seau que vous avez not\u00e9e \u00e0 l\u2019\u00e9tape 1 \u00e9tait 255.255.255.0, ou 32 si la valeur du \u201cmasque de sous-r\u00e9seau\u201d \u00e9tait 255.255.255.255. Pour toute autre valeur de masque de sous-r\u00e9seau, utilisez&nbsp;cet outil&nbsp;pour calculer le nombre. La valeur indiqu\u00e9e apr\u00e8s Mask Bits est celle que vous recherchez.<\/strong><\/p>\n\n\n\n<p><strong>For Subnet Mask there can be a few options: enter 24 if the Subnet Mask value you noted in Step 1 was 255.255.255.0, or 32 if the \u201cSubnet Mask\u201d value was 255.255.255.255. For any other Subnet Mask values, use&nbsp;<a href=\"https:\/\/www.subnet-calculator.com\/cidr.php\" target=\"_blank\" rel=\"noreferrer noopener\">this tool<\/a>&nbsp;to calculate the number. The value listed after Mask Bits is the one you are looking for.<\/strong><\/p>\n\n\n\n<figure class=\"wp-block-image\"><img decoding=\"async\" src=\"http:\/\/mypurepanel.com\/uploads\/firestickdns6.png\" alt=\"\"\/><\/figure>\n\n\n\n<p><strong>Saisissez les param\u00e8tres DNS principal (DNS 1) et secondaire (DNS 2).<\/strong><\/p>\n\n\n\n<p>Enter the primary (DNS 1) and secondary (DNS 2) DNS settings.<\/p>\n\n\n\n<figure class=\"wp-block-image\"><img decoding=\"async\" src=\"http:\/\/mypurepanel.com\/uploads\/firestickdns7.png\" alt=\"\"\/><\/figure>\n","protected":false},"excerpt":{"rendered":"<p>Allez dans Param\u00e8tres -&gt; My Fire TV -&gt; \u00c0 propos -&gt; R\u00e9seau et notez tous les param\u00e8tres (prendre une photo avec votre t\u00e9l\u00e9phone est un moyen simple de le faire).Go to Settings -&gt; My Fire TV -&gt; About -&gt; Network and make a note of all the settings there (taking a photo with your phone [&hellip;]<\/p>\n","protected":false},"author":1,"featured_media":0,"parent":0,"menu_order":0,"comment_status":"closed","ping_status":"closed","template":"","meta":{"footnotes":""},"class_list":["post-1620","page","type-page","status-publish","hentry"],"blocksy_meta":[],"yoast_head":"<!-- This site is optimized with the Yoast SEO plugin v27.3 - https:\/\/yoast.com\/product\/yoast-seo-wordpress\/ -->\n<title>Comment Changer le DNS sur un Fire TV Stick - Goboutik<\/title>\n<meta name=\"robots\" content=\"index, follow, max-snippet:-1, max-image-preview:large, max-video-preview:-1\" \/>\n<link rel=\"canonical\" href=\"https:\/\/goboutik.org\/index.php\/comment-changer-le-dns-sur-un-fire-tv-stick\/\" \/>\n<meta property=\"og:locale\" content=\"fr_FR\" \/>\n<meta property=\"og:type\" content=\"article\" \/>\n<meta property=\"og:title\" content=\"Comment Changer le DNS sur un Fire TV Stick - Goboutik\" \/>\n<meta property=\"og:description\" content=\"Allez dans Param\u00e8tres -&gt; My Fire TV -&gt; \u00c0 propos -&gt; R\u00e9seau et notez tous les param\u00e8tres (prendre une photo avec votre t\u00e9l\u00e9phone est un moyen simple de le faire).Go to Settings -&gt; My Fire TV -&gt; About -&gt; Network and make a note of all the settings there (taking a photo with your phone [&hellip;]\" \/>\n<meta property=\"og:url\" content=\"https:\/\/goboutik.org\/index.php\/comment-changer-le-dns-sur-un-fire-tv-stick\/\" \/>\n<meta property=\"og:site_name\" content=\"Goboutik\" \/>\n<meta property=\"og:image\" content=\"http:\/\/mypurepanel.com\/uploads\/firestickdns.png\" \/>\n<meta name=\"twitter:card\" content=\"summary_large_image\" \/>\n<meta name=\"twitter:label1\" content=\"Dur\u00e9e de lecture estim\u00e9e\" \/>\n\t<meta name=\"twitter:data1\" content=\"3 minutes\" \/>\n<script type=\"application\/ld+json\" class=\"yoast-schema-graph\">{\"@context\":\"https:\\\/\\\/schema.org\",\"@graph\":[{\"@type\":\"WebPage\",\"@id\":\"https:\\\/\\\/goboutik.org\\\/index.php\\\/comment-changer-le-dns-sur-un-fire-tv-stick\\\/\",\"url\":\"https:\\\/\\\/goboutik.org\\\/index.php\\\/comment-changer-le-dns-sur-un-fire-tv-stick\\\/\",\"name\":\"Comment Changer le DNS sur un Fire TV Stick - Goboutik\",\"isPartOf\":{\"@id\":\"https:\\\/\\\/goboutik.org\\\/#website\"},\"primaryImageOfPage\":{\"@id\":\"https:\\\/\\\/goboutik.org\\\/index.php\\\/comment-changer-le-dns-sur-un-fire-tv-stick\\\/#primaryimage\"},\"image\":{\"@id\":\"https:\\\/\\\/goboutik.org\\\/index.php\\\/comment-changer-le-dns-sur-un-fire-tv-stick\\\/#primaryimage\"},\"thumbnailUrl\":\"http:\\\/\\\/mypurepanel.com\\\/uploads\\\/firestickdns.png\",\"datePublished\":\"2023-09-14T14:14:05+00:00\",\"breadcrumb\":{\"@id\":\"https:\\\/\\\/goboutik.org\\\/index.php\\\/comment-changer-le-dns-sur-un-fire-tv-stick\\\/#breadcrumb\"},\"inLanguage\":\"fr-FR\",\"potentialAction\":[{\"@type\":\"ReadAction\",\"target\":[\"https:\\\/\\\/goboutik.org\\\/index.php\\\/comment-changer-le-dns-sur-un-fire-tv-stick\\\/\"]}]},{\"@type\":\"ImageObject\",\"inLanguage\":\"fr-FR\",\"@id\":\"https:\\\/\\\/goboutik.org\\\/index.php\\\/comment-changer-le-dns-sur-un-fire-tv-stick\\\/#primaryimage\",\"url\":\"http:\\\/\\\/mypurepanel.com\\\/uploads\\\/firestickdns.png\",\"contentUrl\":\"http:\\\/\\\/mypurepanel.com\\\/uploads\\\/firestickdns.png\"},{\"@type\":\"BreadcrumbList\",\"@id\":\"https:\\\/\\\/goboutik.org\\\/index.php\\\/comment-changer-le-dns-sur-un-fire-tv-stick\\\/#breadcrumb\",\"itemListElement\":[{\"@type\":\"ListItem\",\"position\":1,\"name\":\"Home\",\"item\":\"https:\\\/\\\/goboutik.org\\\/\"},{\"@type\":\"ListItem\",\"position\":2,\"name\":\"Comment Changer le DNS sur un Fire TV Stick\"}]},{\"@type\":\"WebSite\",\"@id\":\"https:\\\/\\\/goboutik.org\\\/#website\",\"url\":\"https:\\\/\\\/goboutik.org\\\/\",\"name\":\"Goboutik\",\"description\":\"Abonnement iptv\",\"publisher\":{\"@id\":\"https:\\\/\\\/goboutik.org\\\/#organization\"},\"potentialAction\":[{\"@type\":\"SearchAction\",\"target\":{\"@type\":\"EntryPoint\",\"urlTemplate\":\"https:\\\/\\\/goboutik.org\\\/?s={search_term_string}\"},\"query-input\":{\"@type\":\"PropertyValueSpecification\",\"valueRequired\":true,\"valueName\":\"search_term_string\"}}],\"inLanguage\":\"fr-FR\"},{\"@type\":\"Organization\",\"@id\":\"https:\\\/\\\/goboutik.org\\\/#organization\",\"name\":\"Goboutik\",\"url\":\"https:\\\/\\\/goboutik.org\\\/\",\"logo\":{\"@type\":\"ImageObject\",\"inLanguage\":\"fr-FR\",\"@id\":\"https:\\\/\\\/goboutik.org\\\/#\\\/schema\\\/logo\\\/image\\\/\",\"url\":\"https:\\\/\\\/goboutik.org\\\/wp-content\\\/uploads\\\/2023\\\/07\\\/Logo.png\",\"contentUrl\":\"https:\\\/\\\/goboutik.org\\\/wp-content\\\/uploads\\\/2023\\\/07\\\/Logo.png\",\"width\":114,\"height\":114,\"caption\":\"Goboutik\"},\"image\":{\"@id\":\"https:\\\/\\\/goboutik.org\\\/#\\\/schema\\\/logo\\\/image\\\/\"}}]}<\/script>\n<!-- \/ Yoast SEO plugin. -->","yoast_head_json":{"title":"Comment Changer le DNS sur un Fire TV Stick - Goboutik","robots":{"index":"index","follow":"follow","max-snippet":"max-snippet:-1","max-image-preview":"max-image-preview:large","max-video-preview":"max-video-preview:-1"},"canonical":"https:\/\/goboutik.org\/index.php\/comment-changer-le-dns-sur-un-fire-tv-stick\/","og_locale":"fr_FR","og_type":"article","og_title":"Comment Changer le DNS sur un Fire TV Stick - Goboutik","og_description":"Allez dans Param\u00e8tres -&gt; My Fire TV -&gt; \u00c0 propos -&gt; R\u00e9seau et notez tous les param\u00e8tres (prendre une photo avec votre t\u00e9l\u00e9phone est un moyen simple de le faire).Go to Settings -&gt; My Fire TV -&gt; About -&gt; Network and make a note of all the settings there (taking a photo with your phone [&hellip;]","og_url":"https:\/\/goboutik.org\/index.php\/comment-changer-le-dns-sur-un-fire-tv-stick\/","og_site_name":"Goboutik","og_image":[{"url":"http:\/\/mypurepanel.com\/uploads\/firestickdns.png","type":"","width":"","height":""}],"twitter_card":"summary_large_image","twitter_misc":{"Dur\u00e9e de lecture estim\u00e9e":"3 minutes"},"schema":{"@context":"https:\/\/schema.org","@graph":[{"@type":"WebPage","@id":"https:\/\/goboutik.org\/index.php\/comment-changer-le-dns-sur-un-fire-tv-stick\/","url":"https:\/\/goboutik.org\/index.php\/comment-changer-le-dns-sur-un-fire-tv-stick\/","name":"Comment Changer le DNS sur un Fire TV Stick - Goboutik","isPartOf":{"@id":"https:\/\/goboutik.org\/#website"},"primaryImageOfPage":{"@id":"https:\/\/goboutik.org\/index.php\/comment-changer-le-dns-sur-un-fire-tv-stick\/#primaryimage"},"image":{"@id":"https:\/\/goboutik.org\/index.php\/comment-changer-le-dns-sur-un-fire-tv-stick\/#primaryimage"},"thumbnailUrl":"http:\/\/mypurepanel.com\/uploads\/firestickdns.png","datePublished":"2023-09-14T14:14:05+00:00","breadcrumb":{"@id":"https:\/\/goboutik.org\/index.php\/comment-changer-le-dns-sur-un-fire-tv-stick\/#breadcrumb"},"inLanguage":"fr-FR","potentialAction":[{"@type":"ReadAction","target":["https:\/\/goboutik.org\/index.php\/comment-changer-le-dns-sur-un-fire-tv-stick\/"]}]},{"@type":"ImageObject","inLanguage":"fr-FR","@id":"https:\/\/goboutik.org\/index.php\/comment-changer-le-dns-sur-un-fire-tv-stick\/#primaryimage","url":"http:\/\/mypurepanel.com\/uploads\/firestickdns.png","contentUrl":"http:\/\/mypurepanel.com\/uploads\/firestickdns.png"},{"@type":"BreadcrumbList","@id":"https:\/\/goboutik.org\/index.php\/comment-changer-le-dns-sur-un-fire-tv-stick\/#breadcrumb","itemListElement":[{"@type":"ListItem","position":1,"name":"Home","item":"https:\/\/goboutik.org\/"},{"@type":"ListItem","position":2,"name":"Comment Changer le DNS sur un Fire TV Stick"}]},{"@type":"WebSite","@id":"https:\/\/goboutik.org\/#website","url":"https:\/\/goboutik.org\/","name":"Goboutik","description":"Abonnement iptv","publisher":{"@id":"https:\/\/goboutik.org\/#organization"},"potentialAction":[{"@type":"SearchAction","target":{"@type":"EntryPoint","urlTemplate":"https:\/\/goboutik.org\/?s={search_term_string}"},"query-input":{"@type":"PropertyValueSpecification","valueRequired":true,"valueName":"search_term_string"}}],"inLanguage":"fr-FR"},{"@type":"Organization","@id":"https:\/\/goboutik.org\/#organization","name":"Goboutik","url":"https:\/\/goboutik.org\/","logo":{"@type":"ImageObject","inLanguage":"fr-FR","@id":"https:\/\/goboutik.org\/#\/schema\/logo\/image\/","url":"https:\/\/goboutik.org\/wp-content\/uploads\/2023\/07\/Logo.png","contentUrl":"https:\/\/goboutik.org\/wp-content\/uploads\/2023\/07\/Logo.png","width":114,"height":114,"caption":"Goboutik"},"image":{"@id":"https:\/\/goboutik.org\/#\/schema\/logo\/image\/"}}]}},"_links":{"self":[{"href":"https:\/\/goboutik.org\/index.php\/wp-json\/wp\/v2\/pages\/1620","targetHints":{"allow":["GET"]}}],"collection":[{"href":"https:\/\/goboutik.org\/index.php\/wp-json\/wp\/v2\/pages"}],"about":[{"href":"https:\/\/goboutik.org\/index.php\/wp-json\/wp\/v2\/types\/page"}],"author":[{"embeddable":true,"href":"https:\/\/goboutik.org\/index.php\/wp-json\/wp\/v2\/users\/1"}],"replies":[{"embeddable":true,"href":"https:\/\/goboutik.org\/index.php\/wp-json\/wp\/v2\/comments?post=1620"}],"version-history":[{"count":2,"href":"https:\/\/goboutik.org\/index.php\/wp-json\/wp\/v2\/pages\/1620\/revisions"}],"predecessor-version":[{"id":1636,"href":"https:\/\/goboutik.org\/index.php\/wp-json\/wp\/v2\/pages\/1620\/revisions\/1636"}],"wp:attachment":[{"href":"https:\/\/goboutik.org\/index.php\/wp-json\/wp\/v2\/media?parent=1620"}],"curies":[{"name":"wp","href":"https:\/\/api.w.org\/{rel}","templated":true}]}}