{"id":1618,"date":"2023-09-14T16:13:25","date_gmt":"2023-09-14T14:13:25","guid":{"rendered":"https:\/\/goboutik.org\/?page_id=1618"},"modified":"2023-09-14T16:13:26","modified_gmt":"2023-09-14T14:13:26","slug":"application-mobile-pour-le-changement-dns-android-iphone-et-ipad","status":"publish","type":"page","link":"https:\/\/goboutik.org\/index.php\/application-mobile-pour-le-changement-dns-android-iphone-et-ipad\/","title":{"rendered":"Application Mobile pour le changement DNS (Android, iPhone et iPad)"},"content":{"rendered":"\n<p><strong>\u2019application 1.1.1.1 promet de rendre la connexion de votre smartphone plus s\u00e9curis\u00e9e et plus rapide en le reliant au DNS de Cloudflare pr\u00e9vu \u00e0 cet effet et dont l\u2019adresse IP est justement 1.1.1.1.<\/strong><\/p>\n\n\n\n<p><strong>Le service est gratuit et tr\u00e8s simple d\u2019utilisation<\/strong><\/p>\n\n\n\n<figure class=\"wp-block-table\"><table><tbody><tr><td>Android<\/td><td>iPhone<\/td><td>iPad<\/td><\/tr><tr><td><strong><a href=\"https:\/\/play.google.com\/store\/apps\/details?hl=fr&amp;gl=fr&amp;id=com.cloudflare.onedotonedotonedotone\">Google Play 1.1.1.1<\/a><\/strong><\/td><td><strong><a href=\"https:\/\/apps.apple.com\/fr\/app\/1-1-1-1-faster-internet\/id1423538627?uo=4\">App Store 1.1.1.1<\/a><\/strong><\/td><td><strong><a href=\"https:\/\/apps.apple.com\/fr\/app\/1-1-1-1-faster-internet\/id1423538627?platform=ipad\" target=\"_blank\" rel=\"noreferrer noopener\">App Store 1.1.1.1<\/a><\/strong><\/td><\/tr><\/tbody><\/table><\/figure>\n\n\n\n<figure class=\"wp-block-image\"><img decoding=\"async\" src=\"http:\/\/mypurepanel.com\/uploads\/1111dns1.jpeg\" alt=\"\"\/><\/figure>\n\n\n\n<figure class=\"wp-block-image\"><img decoding=\"async\" src=\"http:\/\/mypurepanel.com\/uploads\/1111dns4.jpeg\" alt=\"\"\/><\/figure>\n\n\n\n<figure class=\"wp-block-image\"><img decoding=\"async\" src=\"http:\/\/mypurepanel.com\/uploads\/1111dns5.jpeg\" alt=\"\"\/><\/figure>\n\n\n\n<figure class=\"wp-block-image\"><img decoding=\"async\" src=\"http:\/\/mypurepanel.com\/uploads\/1111dns6.jpeg\" alt=\"\"\/><\/figure>\n\n\n\n<figure class=\"wp-block-table\"><table><tbody><tr><td>Android<\/td><td>iPhone<\/td><td>iPad<\/td><\/tr><tr><td><a href=\"https:\/\/play.google.com\/store\/apps\/details?hl=fr&amp;gl=fr&amp;id=com.cloudflare.onedotonedotonedotone\">Google Play 1.1.1.1<\/a><\/td><td><a href=\"https:\/\/apps.apple.com\/fr\/app\/1-1-1-1-faster-internet\/id1423538627?uo=4\">App Store 1.1.1.1<\/a><\/td><td><a href=\"https:\/\/apps.apple.com\/fr\/app\/1-1-1-1-faster-internet\/id1423538627?platform=ipad\" target=\"_blank\" rel=\"noreferrer noopener\">App Store 1.1.1.1<\/a><\/td><\/tr><\/tbody><\/table><\/figure>\n","protected":false},"excerpt":{"rendered":"<p>\u2019application 1.1.1.1 promet de rendre la connexion de votre smartphone plus s\u00e9curis\u00e9e et plus rapide en le reliant au DNS de Cloudflare pr\u00e9vu \u00e0 cet effet et dont l\u2019adresse IP est justement 1.1.1.1. Le service est gratuit et tr\u00e8s simple d\u2019utilisation Android iPhone iPad Google Play 1.1.1.1 App Store 1.1.1.1 App Store 1.1.1.1 Android iPhone [&hellip;]<\/p>\n","protected":false},"author":1,"featured_media":0,"parent":0,"menu_order":0,"comment_status":"closed","ping_status":"closed","template":"","meta":{"footnotes":""},"class_list":["post-1618","page","type-page","status-publish","hentry"],"blocksy_meta":[],"yoast_head":"<!-- This site is optimized with the Yoast SEO plugin v27.3 - https:\/\/yoast.com\/product\/yoast-seo-wordpress\/ -->\n<title>Application Mobile pour le changement DNS (Android, iPhone et iPad) - Goboutik<\/title>\n<meta name=\"robots\" content=\"index, follow, max-snippet:-1, max-image-preview:large, max-video-preview:-1\" \/>\n<link rel=\"canonical\" href=\"https:\/\/goboutik.org\/index.php\/application-mobile-pour-le-changement-dns-android-iphone-et-ipad\/\" \/>\n<meta property=\"og:locale\" content=\"fr_FR\" \/>\n<meta property=\"og:type\" content=\"article\" \/>\n<meta property=\"og:title\" content=\"Application Mobile pour le changement DNS (Android, iPhone et iPad) - Goboutik\" \/>\n<meta property=\"og:description\" content=\"\u2019application 1.1.1.1 promet de rendre la connexion de votre smartphone plus s\u00e9curis\u00e9e et plus rapide en le reliant au DNS de Cloudflare pr\u00e9vu \u00e0 cet effet et dont l\u2019adresse IP est justement 1.1.1.1. Le service est gratuit et tr\u00e8s simple d\u2019utilisation Android iPhone iPad Google Play 1.1.1.1 App Store 1.1.1.1 App Store 1.1.1.1 Android iPhone [&hellip;]\" \/>\n<meta property=\"og:url\" content=\"https:\/\/goboutik.org\/index.php\/application-mobile-pour-le-changement-dns-android-iphone-et-ipad\/\" \/>\n<meta property=\"og:site_name\" content=\"Goboutik\" \/>\n<meta property=\"article:modified_time\" content=\"2023-09-14T14:13:26+00:00\" \/>\n<meta property=\"og:image\" content=\"http:\/\/mypurepanel.com\/uploads\/1111dns1.jpeg\" \/>\n<meta name=\"twitter:card\" content=\"summary_large_image\" \/>\n<meta name=\"twitter:label1\" content=\"Dur\u00e9e de lecture estim\u00e9e\" \/>\n\t<meta name=\"twitter:data1\" content=\"2 minutes\" \/>\n<script type=\"application\/ld+json\" class=\"yoast-schema-graph\">{\"@context\":\"https:\\\/\\\/schema.org\",\"@graph\":[{\"@type\":\"WebPage\",\"@id\":\"https:\\\/\\\/goboutik.org\\\/index.php\\\/application-mobile-pour-le-changement-dns-android-iphone-et-ipad\\\/\",\"url\":\"https:\\\/\\\/goboutik.org\\\/index.php\\\/application-mobile-pour-le-changement-dns-android-iphone-et-ipad\\\/\",\"name\":\"Application Mobile pour le changement DNS (Android, iPhone et iPad) - Goboutik\",\"isPartOf\":{\"@id\":\"https:\\\/\\\/goboutik.org\\\/#website\"},\"primaryImageOfPage\":{\"@id\":\"https:\\\/\\\/goboutik.org\\\/index.php\\\/application-mobile-pour-le-changement-dns-android-iphone-et-ipad\\\/#primaryimage\"},\"image\":{\"@id\":\"https:\\\/\\\/goboutik.org\\\/index.php\\\/application-mobile-pour-le-changement-dns-android-iphone-et-ipad\\\/#primaryimage\"},\"thumbnailUrl\":\"http:\\\/\\\/mypurepanel.com\\\/uploads\\\/1111dns1.jpeg\",\"datePublished\":\"2023-09-14T14:13:25+00:00\",\"dateModified\":\"2023-09-14T14:13:26+00:00\",\"breadcrumb\":{\"@id\":\"https:\\\/\\\/goboutik.org\\\/index.php\\\/application-mobile-pour-le-changement-dns-android-iphone-et-ipad\\\/#breadcrumb\"},\"inLanguage\":\"fr-FR\",\"potentialAction\":[{\"@type\":\"ReadAction\",\"target\":[\"https:\\\/\\\/goboutik.org\\\/index.php\\\/application-mobile-pour-le-changement-dns-android-iphone-et-ipad\\\/\"]}]},{\"@type\":\"ImageObject\",\"inLanguage\":\"fr-FR\",\"@id\":\"https:\\\/\\\/goboutik.org\\\/index.php\\\/application-mobile-pour-le-changement-dns-android-iphone-et-ipad\\\/#primaryimage\",\"url\":\"http:\\\/\\\/mypurepanel.com\\\/uploads\\\/1111dns1.jpeg\",\"contentUrl\":\"http:\\\/\\\/mypurepanel.com\\\/uploads\\\/1111dns1.jpeg\"},{\"@type\":\"BreadcrumbList\",\"@id\":\"https:\\\/\\\/goboutik.org\\\/index.php\\\/application-mobile-pour-le-changement-dns-android-iphone-et-ipad\\\/#breadcrumb\",\"itemListElement\":[{\"@type\":\"ListItem\",\"position\":1,\"name\":\"Home\",\"item\":\"https:\\\/\\\/goboutik.org\\\/\"},{\"@type\":\"ListItem\",\"position\":2,\"name\":\"Application Mobile pour le changement DNS (Android, iPhone et iPad)\"}]},{\"@type\":\"WebSite\",\"@id\":\"https:\\\/\\\/goboutik.org\\\/#website\",\"url\":\"https:\\\/\\\/goboutik.org\\\/\",\"name\":\"Goboutik\",\"description\":\"Abonnement iptv\",\"publisher\":{\"@id\":\"https:\\\/\\\/goboutik.org\\\/#organization\"},\"potentialAction\":[{\"@type\":\"SearchAction\",\"target\":{\"@type\":\"EntryPoint\",\"urlTemplate\":\"https:\\\/\\\/goboutik.org\\\/?s={search_term_string}\"},\"query-input\":{\"@type\":\"PropertyValueSpecification\",\"valueRequired\":true,\"valueName\":\"search_term_string\"}}],\"inLanguage\":\"fr-FR\"},{\"@type\":\"Organization\",\"@id\":\"https:\\\/\\\/goboutik.org\\\/#organization\",\"name\":\"Goboutik\",\"url\":\"https:\\\/\\\/goboutik.org\\\/\",\"logo\":{\"@type\":\"ImageObject\",\"inLanguage\":\"fr-FR\",\"@id\":\"https:\\\/\\\/goboutik.org\\\/#\\\/schema\\\/logo\\\/image\\\/\",\"url\":\"https:\\\/\\\/goboutik.org\\\/wp-content\\\/uploads\\\/2023\\\/07\\\/Logo.png\",\"contentUrl\":\"https:\\\/\\\/goboutik.org\\\/wp-content\\\/uploads\\\/2023\\\/07\\\/Logo.png\",\"width\":114,\"height\":114,\"caption\":\"Goboutik\"},\"image\":{\"@id\":\"https:\\\/\\\/goboutik.org\\\/#\\\/schema\\\/logo\\\/image\\\/\"}}]}<\/script>\n<!-- \/ Yoast SEO plugin. -->","yoast_head_json":{"title":"Application Mobile pour le changement DNS (Android, iPhone et iPad) - Goboutik","robots":{"index":"index","follow":"follow","max-snippet":"max-snippet:-1","max-image-preview":"max-image-preview:large","max-video-preview":"max-video-preview:-1"},"canonical":"https:\/\/goboutik.org\/index.php\/application-mobile-pour-le-changement-dns-android-iphone-et-ipad\/","og_locale":"fr_FR","og_type":"article","og_title":"Application Mobile pour le changement DNS (Android, iPhone et iPad) - Goboutik","og_description":"\u2019application 1.1.1.1 promet de rendre la connexion de votre smartphone plus s\u00e9curis\u00e9e et plus rapide en le reliant au DNS de Cloudflare pr\u00e9vu \u00e0 cet effet et dont l\u2019adresse IP est justement 1.1.1.1. Le service est gratuit et tr\u00e8s simple d\u2019utilisation Android iPhone iPad Google Play 1.1.1.1 App Store 1.1.1.1 App Store 1.1.1.1 Android iPhone [&hellip;]","og_url":"https:\/\/goboutik.org\/index.php\/application-mobile-pour-le-changement-dns-android-iphone-et-ipad\/","og_site_name":"Goboutik","article_modified_time":"2023-09-14T14:13:26+00:00","og_image":[{"url":"http:\/\/mypurepanel.com\/uploads\/1111dns1.jpeg","type":"","width":"","height":""}],"twitter_card":"summary_large_image","twitter_misc":{"Dur\u00e9e de lecture estim\u00e9e":"2 minutes"},"schema":{"@context":"https:\/\/schema.org","@graph":[{"@type":"WebPage","@id":"https:\/\/goboutik.org\/index.php\/application-mobile-pour-le-changement-dns-android-iphone-et-ipad\/","url":"https:\/\/goboutik.org\/index.php\/application-mobile-pour-le-changement-dns-android-iphone-et-ipad\/","name":"Application Mobile pour le changement DNS (Android, iPhone et iPad) - Goboutik","isPartOf":{"@id":"https:\/\/goboutik.org\/#website"},"primaryImageOfPage":{"@id":"https:\/\/goboutik.org\/index.php\/application-mobile-pour-le-changement-dns-android-iphone-et-ipad\/#primaryimage"},"image":{"@id":"https:\/\/goboutik.org\/index.php\/application-mobile-pour-le-changement-dns-android-iphone-et-ipad\/#primaryimage"},"thumbnailUrl":"http:\/\/mypurepanel.com\/uploads\/1111dns1.jpeg","datePublished":"2023-09-14T14:13:25+00:00","dateModified":"2023-09-14T14:13:26+00:00","breadcrumb":{"@id":"https:\/\/goboutik.org\/index.php\/application-mobile-pour-le-changement-dns-android-iphone-et-ipad\/#breadcrumb"},"inLanguage":"fr-FR","potentialAction":[{"@type":"ReadAction","target":["https:\/\/goboutik.org\/index.php\/application-mobile-pour-le-changement-dns-android-iphone-et-ipad\/"]}]},{"@type":"ImageObject","inLanguage":"fr-FR","@id":"https:\/\/goboutik.org\/index.php\/application-mobile-pour-le-changement-dns-android-iphone-et-ipad\/#primaryimage","url":"http:\/\/mypurepanel.com\/uploads\/1111dns1.jpeg","contentUrl":"http:\/\/mypurepanel.com\/uploads\/1111dns1.jpeg"},{"@type":"BreadcrumbList","@id":"https:\/\/goboutik.org\/index.php\/application-mobile-pour-le-changement-dns-android-iphone-et-ipad\/#breadcrumb","itemListElement":[{"@type":"ListItem","position":1,"name":"Home","item":"https:\/\/goboutik.org\/"},{"@type":"ListItem","position":2,"name":"Application Mobile pour le changement DNS (Android, iPhone et iPad)"}]},{"@type":"WebSite","@id":"https:\/\/goboutik.org\/#website","url":"https:\/\/goboutik.org\/","name":"Goboutik","description":"Abonnement iptv","publisher":{"@id":"https:\/\/goboutik.org\/#organization"},"potentialAction":[{"@type":"SearchAction","target":{"@type":"EntryPoint","urlTemplate":"https:\/\/goboutik.org\/?s={search_term_string}"},"query-input":{"@type":"PropertyValueSpecification","valueRequired":true,"valueName":"search_term_string"}}],"inLanguage":"fr-FR"},{"@type":"Organization","@id":"https:\/\/goboutik.org\/#organization","name":"Goboutik","url":"https:\/\/goboutik.org\/","logo":{"@type":"ImageObject","inLanguage":"fr-FR","@id":"https:\/\/goboutik.org\/#\/schema\/logo\/image\/","url":"https:\/\/goboutik.org\/wp-content\/uploads\/2023\/07\/Logo.png","contentUrl":"https:\/\/goboutik.org\/wp-content\/uploads\/2023\/07\/Logo.png","width":114,"height":114,"caption":"Goboutik"},"image":{"@id":"https:\/\/goboutik.org\/#\/schema\/logo\/image\/"}}]}},"_links":{"self":[{"href":"https:\/\/goboutik.org\/index.php\/wp-json\/wp\/v2\/pages\/1618","targetHints":{"allow":["GET"]}}],"collection":[{"href":"https:\/\/goboutik.org\/index.php\/wp-json\/wp\/v2\/pages"}],"about":[{"href":"https:\/\/goboutik.org\/index.php\/wp-json\/wp\/v2\/types\/page"}],"author":[{"embeddable":true,"href":"https:\/\/goboutik.org\/index.php\/wp-json\/wp\/v2\/users\/1"}],"replies":[{"embeddable":true,"href":"https:\/\/goboutik.org\/index.php\/wp-json\/wp\/v2\/comments?post=1618"}],"version-history":[{"count":1,"href":"https:\/\/goboutik.org\/index.php\/wp-json\/wp\/v2\/pages\/1618\/revisions"}],"predecessor-version":[{"id":1619,"href":"https:\/\/goboutik.org\/index.php\/wp-json\/wp\/v2\/pages\/1618\/revisions\/1619"}],"wp:attachment":[{"href":"https:\/\/goboutik.org\/index.php\/wp-json\/wp\/v2\/media?parent=1618"}],"curies":[{"name":"wp","href":"https:\/\/api.w.org\/{rel}","templated":true}]}}