{"id":1612,"date":"2023-09-14T16:11:02","date_gmt":"2023-09-14T14:11:02","guid":{"rendered":"https:\/\/goboutik.org\/?page_id=1612"},"modified":"2023-09-14T16:11:02","modified_gmt":"2023-09-14T14:11:02","slug":"comment-changer-le-dns-sur-samsung-smart-tv","status":"publish","type":"page","link":"https:\/\/goboutik.org\/index.php\/comment-changer-le-dns-sur-samsung-smart-tv\/","title":{"rendered":"Comment Changer Le DNS Sur Samsung Smart TV ?"},"content":{"rendered":"\n<h2 class=\"wp-block-heading\">Changer le DNS sur votre Samsung Smart TV<\/h2>\n\n\n\n<p>Par d\u00e9faut, nous utilisons le DNS fourni par votre fournisseur de services Internet. Toutefois, il existe de nombreux serveurs DNS offrant une s\u00e9curit\u00e9 et une vitesse accrues. Vous pouvez en savoir plus sur les meilleurs serveurs DNS ici.<\/p>\n\n\n\n<ul class=\"wp-block-list\">\n<li>Cloudflare \u2013&nbsp;<strong>1.1.1.1<\/strong>&nbsp;et&nbsp;<strong>1.0.0.1<\/strong><\/li>\n\n\n\n<li>OpenDNS \u2013&nbsp;<strong>208.67.222.222<\/strong>&nbsp;et&nbsp;<strong>208.67.220.220<\/strong><\/li>\n\n\n\n<li>GoogleDNS \u2013&nbsp;<strong>8.8.8.8<\/strong>&nbsp;et&nbsp;<strong>8.8.4.4<\/strong><\/li>\n<\/ul>\n\n\n\n<p><strong>\u00c9tape 1:<\/strong>&nbsp;Allumez le t\u00e9l\u00e9viseur et ouvrez la fen\u00eatre \u00abParam\u00e8tres\u00bb en appuyant sur le bouton \u00abParam\u00e8tres\u00bb de la t\u00e9l\u00e9commande du t\u00e9l\u00e9viseur.<\/p>\n\n\n\n<p><strong>\u00c9tape 2:<\/strong>&nbsp;Acc\u00e9dez \u00e0 l\u2019onglet G\u00e9n\u00e9ral et s\u00e9lectionnez R\u00e9seau dans le menu d\u2019options.<img fetchpriority=\"high\" decoding=\"async\" src=\"https:\/\/www.dz-techs.com\/wp-content\/uploads\/2019\/10\/general-min-DzTechs.jpg\" alt=\"Comment changer le DNS sur Samsung Smart TV sous Tizen OS ? - explications\" width=\"675\" height=\"380\"><\/p>\n\n\n\n<p><strong>\u00c9tape 3:<\/strong>&nbsp;Vous pouvez voir si votre t\u00e9l\u00e9viseur est connect\u00e9 \u00e0 Internet sous \u00c9tat du r\u00e9seau.<img decoding=\"async\" src=\"https:\/\/www.dz-techs.com\/wp-content\/uploads\/2019\/10\/ip-setting-min-DzTechs.jpg\" alt=\"Comment changer le DNS sur Samsung Smart TV sous Tizen OS ? - explications\" width=\"675\" height=\"380\"><\/p>\n\n\n\n<p><strong>\u00c9tape 4:<\/strong>&nbsp;S\u00e9lectionnez les param\u00e8tres IP et acc\u00e9dez aux param\u00e8tres DNS.<\/p>\n\n\n\n<p><strong>\u00c9tape 5:<\/strong>&nbsp;Vous devez modifier manuellement les param\u00e8tres DNS pour l\u2019entr\u00e9e.<\/p>\n\n\n\n<p>Comment recadrer des images \u00e0 l\u2019aide de Photoshop<img decoding=\"async\" src=\"https:\/\/www.dz-techs.com\/wp-content\/uploads\/2019\/10\/enter-manually-min-DzTechs.jpg\" alt=\"Comment changer le DNS sur Samsung Smart TV sous Tizen OS ? - explications\" width=\"675\" height=\"380\"><\/p>\n\n\n\n<p><strong>\u00c9tape 6:<\/strong>&nbsp;Sous Param\u00e8tre DNS, vous verrez le serveur DNS, entrez le serveur DNS de votre choix et appuyez sur \u201cOK\u201d.<img loading=\"lazy\" decoding=\"async\" src=\"https:\/\/www.dz-techs.com\/wp-content\/uploads\/2019\/10\/enter-dns-min-DzTechs.jpg\" alt=\"Comment changer le DNS sur Samsung Smart TV sous Tizen OS ? - explications\" width=\"675\" height=\"380\"><\/p>\n","protected":false},"excerpt":{"rendered":"<p>Changer le DNS sur votre Samsung Smart TV Par d\u00e9faut, nous utilisons le DNS fourni par votre fournisseur de services Internet. Toutefois, il existe de nombreux serveurs DNS offrant une s\u00e9curit\u00e9 et une vitesse accrues. Vous pouvez en savoir plus sur les meilleurs serveurs DNS ici. \u00c9tape 1:&nbsp;Allumez le t\u00e9l\u00e9viseur et ouvrez la fen\u00eatre \u00abParam\u00e8tres\u00bb [&hellip;]<\/p>\n","protected":false},"author":1,"featured_media":0,"parent":0,"menu_order":0,"comment_status":"closed","ping_status":"closed","template":"","meta":{"footnotes":""},"class_list":["post-1612","page","type-page","status-publish","hentry"],"blocksy_meta":[],"yoast_head":"<!-- This site is optimized with the Yoast SEO plugin v27.3 - https:\/\/yoast.com\/product\/yoast-seo-wordpress\/ -->\n<title>Comment Changer Le DNS Sur Samsung Smart TV ? - Goboutik<\/title>\n<meta name=\"robots\" content=\"index, follow, max-snippet:-1, max-image-preview:large, max-video-preview:-1\" \/>\n<link rel=\"canonical\" href=\"https:\/\/goboutik.org\/index.php\/comment-changer-le-dns-sur-samsung-smart-tv\/\" \/>\n<meta property=\"og:locale\" content=\"fr_FR\" \/>\n<meta property=\"og:type\" content=\"article\" \/>\n<meta property=\"og:title\" content=\"Comment Changer Le DNS Sur Samsung Smart TV ? - Goboutik\" \/>\n<meta property=\"og:description\" content=\"Changer le DNS sur votre Samsung Smart TV Par d\u00e9faut, nous utilisons le DNS fourni par votre fournisseur de services Internet. Toutefois, il existe de nombreux serveurs DNS offrant une s\u00e9curit\u00e9 et une vitesse accrues. Vous pouvez en savoir plus sur les meilleurs serveurs DNS ici. \u00c9tape 1:&nbsp;Allumez le t\u00e9l\u00e9viseur et ouvrez la fen\u00eatre \u00abParam\u00e8tres\u00bb [&hellip;]\" \/>\n<meta property=\"og:url\" content=\"https:\/\/goboutik.org\/index.php\/comment-changer-le-dns-sur-samsung-smart-tv\/\" \/>\n<meta property=\"og:site_name\" content=\"Goboutik\" \/>\n<meta property=\"og:image\" content=\"https:\/\/www.dz-techs.com\/wp-content\/uploads\/2019\/10\/general-min-DzTechs.jpg\" \/>\n<meta name=\"twitter:card\" content=\"summary_large_image\" \/>\n<meta name=\"twitter:label1\" content=\"Dur\u00e9e de lecture estim\u00e9e\" \/>\n\t<meta name=\"twitter:data1\" content=\"2 minutes\" \/>\n<script type=\"application\/ld+json\" class=\"yoast-schema-graph\">{\"@context\":\"https:\\\/\\\/schema.org\",\"@graph\":[{\"@type\":\"WebPage\",\"@id\":\"https:\\\/\\\/goboutik.org\\\/index.php\\\/comment-changer-le-dns-sur-samsung-smart-tv\\\/\",\"url\":\"https:\\\/\\\/goboutik.org\\\/index.php\\\/comment-changer-le-dns-sur-samsung-smart-tv\\\/\",\"name\":\"Comment Changer Le DNS Sur Samsung Smart TV ? - Goboutik\",\"isPartOf\":{\"@id\":\"https:\\\/\\\/goboutik.org\\\/#website\"},\"primaryImageOfPage\":{\"@id\":\"https:\\\/\\\/goboutik.org\\\/index.php\\\/comment-changer-le-dns-sur-samsung-smart-tv\\\/#primaryimage\"},\"image\":{\"@id\":\"https:\\\/\\\/goboutik.org\\\/index.php\\\/comment-changer-le-dns-sur-samsung-smart-tv\\\/#primaryimage\"},\"thumbnailUrl\":\"https:\\\/\\\/www.dz-techs.com\\\/wp-content\\\/uploads\\\/2019\\\/10\\\/general-min-DzTechs.jpg\",\"datePublished\":\"2023-09-14T14:11:02+00:00\",\"breadcrumb\":{\"@id\":\"https:\\\/\\\/goboutik.org\\\/index.php\\\/comment-changer-le-dns-sur-samsung-smart-tv\\\/#breadcrumb\"},\"inLanguage\":\"fr-FR\",\"potentialAction\":[{\"@type\":\"ReadAction\",\"target\":[\"https:\\\/\\\/goboutik.org\\\/index.php\\\/comment-changer-le-dns-sur-samsung-smart-tv\\\/\"]}]},{\"@type\":\"ImageObject\",\"inLanguage\":\"fr-FR\",\"@id\":\"https:\\\/\\\/goboutik.org\\\/index.php\\\/comment-changer-le-dns-sur-samsung-smart-tv\\\/#primaryimage\",\"url\":\"https:\\\/\\\/www.dz-techs.com\\\/wp-content\\\/uploads\\\/2019\\\/10\\\/general-min-DzTechs.jpg\",\"contentUrl\":\"https:\\\/\\\/www.dz-techs.com\\\/wp-content\\\/uploads\\\/2019\\\/10\\\/general-min-DzTechs.jpg\"},{\"@type\":\"BreadcrumbList\",\"@id\":\"https:\\\/\\\/goboutik.org\\\/index.php\\\/comment-changer-le-dns-sur-samsung-smart-tv\\\/#breadcrumb\",\"itemListElement\":[{\"@type\":\"ListItem\",\"position\":1,\"name\":\"Home\",\"item\":\"https:\\\/\\\/goboutik.org\\\/\"},{\"@type\":\"ListItem\",\"position\":2,\"name\":\"Comment Changer Le DNS Sur Samsung Smart TV ?\"}]},{\"@type\":\"WebSite\",\"@id\":\"https:\\\/\\\/goboutik.org\\\/#website\",\"url\":\"https:\\\/\\\/goboutik.org\\\/\",\"name\":\"Goboutik\",\"description\":\"Abonnement iptv\",\"publisher\":{\"@id\":\"https:\\\/\\\/goboutik.org\\\/#organization\"},\"potentialAction\":[{\"@type\":\"SearchAction\",\"target\":{\"@type\":\"EntryPoint\",\"urlTemplate\":\"https:\\\/\\\/goboutik.org\\\/?s={search_term_string}\"},\"query-input\":{\"@type\":\"PropertyValueSpecification\",\"valueRequired\":true,\"valueName\":\"search_term_string\"}}],\"inLanguage\":\"fr-FR\"},{\"@type\":\"Organization\",\"@id\":\"https:\\\/\\\/goboutik.org\\\/#organization\",\"name\":\"Goboutik\",\"url\":\"https:\\\/\\\/goboutik.org\\\/\",\"logo\":{\"@type\":\"ImageObject\",\"inLanguage\":\"fr-FR\",\"@id\":\"https:\\\/\\\/goboutik.org\\\/#\\\/schema\\\/logo\\\/image\\\/\",\"url\":\"https:\\\/\\\/goboutik.org\\\/wp-content\\\/uploads\\\/2023\\\/07\\\/Logo.png\",\"contentUrl\":\"https:\\\/\\\/goboutik.org\\\/wp-content\\\/uploads\\\/2023\\\/07\\\/Logo.png\",\"width\":114,\"height\":114,\"caption\":\"Goboutik\"},\"image\":{\"@id\":\"https:\\\/\\\/goboutik.org\\\/#\\\/schema\\\/logo\\\/image\\\/\"}}]}<\/script>\n<!-- \/ Yoast SEO plugin. -->","yoast_head_json":{"title":"Comment Changer Le DNS Sur Samsung Smart TV ? - Goboutik","robots":{"index":"index","follow":"follow","max-snippet":"max-snippet:-1","max-image-preview":"max-image-preview:large","max-video-preview":"max-video-preview:-1"},"canonical":"https:\/\/goboutik.org\/index.php\/comment-changer-le-dns-sur-samsung-smart-tv\/","og_locale":"fr_FR","og_type":"article","og_title":"Comment Changer Le DNS Sur Samsung Smart TV ? - Goboutik","og_description":"Changer le DNS sur votre Samsung Smart TV Par d\u00e9faut, nous utilisons le DNS fourni par votre fournisseur de services Internet. Toutefois, il existe de nombreux serveurs DNS offrant une s\u00e9curit\u00e9 et une vitesse accrues. Vous pouvez en savoir plus sur les meilleurs serveurs DNS ici. \u00c9tape 1:&nbsp;Allumez le t\u00e9l\u00e9viseur et ouvrez la fen\u00eatre \u00abParam\u00e8tres\u00bb [&hellip;]","og_url":"https:\/\/goboutik.org\/index.php\/comment-changer-le-dns-sur-samsung-smart-tv\/","og_site_name":"Goboutik","og_image":[{"url":"https:\/\/www.dz-techs.com\/wp-content\/uploads\/2019\/10\/general-min-DzTechs.jpg","type":"","width":"","height":""}],"twitter_card":"summary_large_image","twitter_misc":{"Dur\u00e9e de lecture estim\u00e9e":"2 minutes"},"schema":{"@context":"https:\/\/schema.org","@graph":[{"@type":"WebPage","@id":"https:\/\/goboutik.org\/index.php\/comment-changer-le-dns-sur-samsung-smart-tv\/","url":"https:\/\/goboutik.org\/index.php\/comment-changer-le-dns-sur-samsung-smart-tv\/","name":"Comment Changer Le DNS Sur Samsung Smart TV ? - Goboutik","isPartOf":{"@id":"https:\/\/goboutik.org\/#website"},"primaryImageOfPage":{"@id":"https:\/\/goboutik.org\/index.php\/comment-changer-le-dns-sur-samsung-smart-tv\/#primaryimage"},"image":{"@id":"https:\/\/goboutik.org\/index.php\/comment-changer-le-dns-sur-samsung-smart-tv\/#primaryimage"},"thumbnailUrl":"https:\/\/www.dz-techs.com\/wp-content\/uploads\/2019\/10\/general-min-DzTechs.jpg","datePublished":"2023-09-14T14:11:02+00:00","breadcrumb":{"@id":"https:\/\/goboutik.org\/index.php\/comment-changer-le-dns-sur-samsung-smart-tv\/#breadcrumb"},"inLanguage":"fr-FR","potentialAction":[{"@type":"ReadAction","target":["https:\/\/goboutik.org\/index.php\/comment-changer-le-dns-sur-samsung-smart-tv\/"]}]},{"@type":"ImageObject","inLanguage":"fr-FR","@id":"https:\/\/goboutik.org\/index.php\/comment-changer-le-dns-sur-samsung-smart-tv\/#primaryimage","url":"https:\/\/www.dz-techs.com\/wp-content\/uploads\/2019\/10\/general-min-DzTechs.jpg","contentUrl":"https:\/\/www.dz-techs.com\/wp-content\/uploads\/2019\/10\/general-min-DzTechs.jpg"},{"@type":"BreadcrumbList","@id":"https:\/\/goboutik.org\/index.php\/comment-changer-le-dns-sur-samsung-smart-tv\/#breadcrumb","itemListElement":[{"@type":"ListItem","position":1,"name":"Home","item":"https:\/\/goboutik.org\/"},{"@type":"ListItem","position":2,"name":"Comment Changer Le DNS Sur Samsung Smart TV ?"}]},{"@type":"WebSite","@id":"https:\/\/goboutik.org\/#website","url":"https:\/\/goboutik.org\/","name":"Goboutik","description":"Abonnement iptv","publisher":{"@id":"https:\/\/goboutik.org\/#organization"},"potentialAction":[{"@type":"SearchAction","target":{"@type":"EntryPoint","urlTemplate":"https:\/\/goboutik.org\/?s={search_term_string}"},"query-input":{"@type":"PropertyValueSpecification","valueRequired":true,"valueName":"search_term_string"}}],"inLanguage":"fr-FR"},{"@type":"Organization","@id":"https:\/\/goboutik.org\/#organization","name":"Goboutik","url":"https:\/\/goboutik.org\/","logo":{"@type":"ImageObject","inLanguage":"fr-FR","@id":"https:\/\/goboutik.org\/#\/schema\/logo\/image\/","url":"https:\/\/goboutik.org\/wp-content\/uploads\/2023\/07\/Logo.png","contentUrl":"https:\/\/goboutik.org\/wp-content\/uploads\/2023\/07\/Logo.png","width":114,"height":114,"caption":"Goboutik"},"image":{"@id":"https:\/\/goboutik.org\/#\/schema\/logo\/image\/"}}]}},"_links":{"self":[{"href":"https:\/\/goboutik.org\/index.php\/wp-json\/wp\/v2\/pages\/1612","targetHints":{"allow":["GET"]}}],"collection":[{"href":"https:\/\/goboutik.org\/index.php\/wp-json\/wp\/v2\/pages"}],"about":[{"href":"https:\/\/goboutik.org\/index.php\/wp-json\/wp\/v2\/types\/page"}],"author":[{"embeddable":true,"href":"https:\/\/goboutik.org\/index.php\/wp-json\/wp\/v2\/users\/1"}],"replies":[{"embeddable":true,"href":"https:\/\/goboutik.org\/index.php\/wp-json\/wp\/v2\/comments?post=1612"}],"version-history":[{"count":1,"href":"https:\/\/goboutik.org\/index.php\/wp-json\/wp\/v2\/pages\/1612\/revisions"}],"predecessor-version":[{"id":1613,"href":"https:\/\/goboutik.org\/index.php\/wp-json\/wp\/v2\/pages\/1612\/revisions\/1613"}],"wp:attachment":[{"href":"https:\/\/goboutik.org\/index.php\/wp-json\/wp\/v2\/media?parent=1612"}],"curies":[{"name":"wp","href":"https:\/\/api.w.org\/{rel}","templated":true}]}}