{"id":1606,"date":"2023-09-14T16:06:36","date_gmt":"2023-09-14T14:06:36","guid":{"rendered":"https:\/\/goboutik.org\/?page_id=1606"},"modified":"2023-09-14T16:06:36","modified_gmt":"2023-09-14T14:06:36","slug":"probleme-bridage-debit-chez-free","status":"publish","type":"page","link":"https:\/\/goboutik.org\/index.php\/probleme-bridage-debit-chez-free\/","title":{"rendered":"Probl\u00e8me Bridage d\u00e9bit chez Free !"},"content":{"rendered":"\n<p>Une partie de nos clients qui&nbsp; utilisent Free comme op\u00e9rateur internet recontrent des soucis de coupures et lenteurs surtout en soir\u00e9e, le ph\u00e9nom\u00e8ne est la cause d\u2019un bridage de d\u00e9bit de la part de Free ! On va essayer de vous donner une solution afin d\u2019am\u00e9liorer votre connexion :<\/p>\n\n\n\n<h2 class=\"wp-block-heading\">Adresse IP quoi?<\/h2>\n\n\n\n<p>Sur Internet, vous avez ce qui s\u2019appelle une&nbsp;adresse IP publique. Cette adresse on peut la comparer \u00e0 votre adresse postale.Avec cette analogie, vous envoyez du courrier, et mettez comme adresse d\u2019exp\u00e9diteur votre adresse postale.Et cette adresse postale, vous pouvez la partager \u00e0 plusieurs membres d\u2019une m\u00eame maison.. ou \u00e0 plusieurs habitants d\u2019un m\u00eame immeuble.Sur Internet c\u2019est un peu pareil en IPv4 mais voici les quelques variantes qu\u2019on peut rencontrer<\/p>\n\n\n\n<ul class=\"wp-block-list\">\n<li>Vous pouvez avoir une adresse IP publique fixe (elle ne change pas .. trop on en reparle c\u2019est l\u2019objet de cet article, c\u2019est qu\u2019a longuement fourni Free)<\/li>\n\n\n\n<li>Vous pouvez avoir une adresse IP publique dynamique (elle change par exemple \u00e0 chaque reconnexion de votre box)<\/li>\n<\/ul>\n\n\n\n<p>Et la petite variante qu\u2019on retrouve beaucoup sur les connexions 4G c\u2019est que vous pouvez avoir une IP publique partag\u00e9e (on parle de NAT notamment) avec beaucoup d\u2019autres utilisateurs.Face \u00e0 la p\u00e9nurie des IPv4 (et \u00e0 leur prix), Free a mis en place un syst\u00e8me de partage des adresses IP entre 4 abonn\u00e9s, comme donc une adresse d\u2019immeuble partag\u00e9e avec 4 logements. Ce syst\u00e8me fait que chaque abonn\u00e9 se voit d\u00e9di\u00e9 une plage de ports (1-16363, puis 16384-32767 etc). On a donc une IP publique&nbsp;fixe mais partag\u00e9e.<\/p>\n\n\n\n<h2 class=\"wp-block-heading\">IPv4 \u201cFull Stack\u201d<\/h2>\n\n\n\n<figure class=\"wp-block-image aligncenter\"><img decoding=\"async\" src=\"https:\/\/bouchecousue.com\/wp-content\/uploads\/Freebox-Delta-v7.png\" alt=\"\"\/><\/figure>\n\n\n\n<p>Free change depuis quelques temps d\u00e9j\u00e0 les IP dites \u201cFull Stack\u201d de ses clients (fixes &amp; d\u00e9di\u00e9es) en IP partag\u00e9es.Et Free change aussi \u2013 bizarrement \u2013 les IP publiques d\u00e9di\u00e9es \u201cfixes\u201d de certains clients.. pour d\u2019autres IP. Pourquoi, je l\u2019ignore mais \u00e7a cr\u00e9e \u00e9videmment des surprises et des appels.Si vous avez besoin de demander une IPv4 publique \u201cfull stack\u201d chez Free, \u00e7a se fait dans votre compte client, dans la section \u201cMa Freebox\u201d :<\/p>\n\n\n\n<figure class=\"wp-block-image aligncenter\"><img decoding=\"async\" src=\"https:\/\/bouchecousue.com\/wp-content\/uploads\/IPv4-Full-Stack-demande-Free-1024x759.png\" alt=\"\"\/><\/figure>\n\n\n\n<p>Vous aurez ensuite un avertissement :<\/p>\n\n\n\n<figure class=\"wp-block-image aligncenter\"><img decoding=\"async\" src=\"https:\/\/bouchecousue.com\/wp-content\/uploads\/Free-ipv4-Full-Stack-Avertissement-1024x361.png\" alt=\"\"\/><\/figure>\n\n\n\n<p>Validez, puis red\u00e9marrez votre box 30 minutes apr\u00e8s (ou moins parfois) et vous b\u00e9n\u00e9ficieriez \u00e0 nouveau d\u2019une IP fixe (\u00e0 peu pr\u00e8s) v4 full-stack.En tout cas voil\u00e0, \u00e0 une dizaine d\u2019euros par mois, on ne peut pas demander \u00e0 Free une stabilit\u00e9 folle sur ce sujet des IP publiques mais cette transition s\u2019est faite sans communication particuli\u00e8re.Evidemment nous recommandons \u00e0 nos clients de souscrire \u00e0 une connexion internet plus fiable (Orange, Bouygues, \u2026) ce qui \u00e9vite ce genre de surprises et donne acc\u00e8s \u00e0 un service de qualit\u00e9.<\/p>\n","protected":false},"excerpt":{"rendered":"<p>Une partie de nos clients qui&nbsp; utilisent Free comme op\u00e9rateur internet recontrent des soucis de coupures et lenteurs surtout en soir\u00e9e, le ph\u00e9nom\u00e8ne est la cause d\u2019un bridage de d\u00e9bit de la part de Free ! On va essayer de vous donner une solution afin d\u2019am\u00e9liorer votre connexion : Adresse IP quoi? Sur Internet, vous [&hellip;]<\/p>\n","protected":false},"author":1,"featured_media":0,"parent":0,"menu_order":0,"comment_status":"closed","ping_status":"closed","template":"","meta":{"footnotes":""},"class_list":["post-1606","page","type-page","status-publish","hentry"],"blocksy_meta":[],"yoast_head":"<!-- This site is optimized with the Yoast SEO plugin v27.3 - https:\/\/yoast.com\/product\/yoast-seo-wordpress\/ -->\n<title>Probl\u00e8me Bridage d\u00e9bit chez Free ! - Goboutik<\/title>\n<meta name=\"robots\" content=\"index, follow, max-snippet:-1, max-image-preview:large, max-video-preview:-1\" \/>\n<link rel=\"canonical\" href=\"https:\/\/goboutik.org\/index.php\/probleme-bridage-debit-chez-free\/\" \/>\n<meta property=\"og:locale\" content=\"fr_FR\" \/>\n<meta property=\"og:type\" content=\"article\" \/>\n<meta property=\"og:title\" content=\"Probl\u00e8me Bridage d\u00e9bit chez Free ! - Goboutik\" \/>\n<meta property=\"og:description\" content=\"Une partie de nos clients qui&nbsp; utilisent Free comme op\u00e9rateur internet recontrent des soucis de coupures et lenteurs surtout en soir\u00e9e, le ph\u00e9nom\u00e8ne est la cause d\u2019un bridage de d\u00e9bit de la part de Free ! On va essayer de vous donner une solution afin d\u2019am\u00e9liorer votre connexion : Adresse IP quoi? Sur Internet, vous [&hellip;]\" \/>\n<meta property=\"og:url\" content=\"https:\/\/goboutik.org\/index.php\/probleme-bridage-debit-chez-free\/\" \/>\n<meta property=\"og:site_name\" content=\"Goboutik\" \/>\n<meta property=\"og:image\" content=\"https:\/\/bouchecousue.com\/wp-content\/uploads\/Freebox-Delta-v7.png\" \/>\n<meta name=\"twitter:card\" content=\"summary_large_image\" \/>\n<meta name=\"twitter:label1\" content=\"Dur\u00e9e de lecture estim\u00e9e\" \/>\n\t<meta name=\"twitter:data1\" content=\"3 minutes\" \/>\n<script type=\"application\/ld+json\" class=\"yoast-schema-graph\">{\"@context\":\"https:\\\/\\\/schema.org\",\"@graph\":[{\"@type\":\"WebPage\",\"@id\":\"https:\\\/\\\/goboutik.org\\\/index.php\\\/probleme-bridage-debit-chez-free\\\/\",\"url\":\"https:\\\/\\\/goboutik.org\\\/index.php\\\/probleme-bridage-debit-chez-free\\\/\",\"name\":\"Probl\u00e8me Bridage d\u00e9bit chez Free ! - Goboutik\",\"isPartOf\":{\"@id\":\"https:\\\/\\\/goboutik.org\\\/#website\"},\"primaryImageOfPage\":{\"@id\":\"https:\\\/\\\/goboutik.org\\\/index.php\\\/probleme-bridage-debit-chez-free\\\/#primaryimage\"},\"image\":{\"@id\":\"https:\\\/\\\/goboutik.org\\\/index.php\\\/probleme-bridage-debit-chez-free\\\/#primaryimage\"},\"thumbnailUrl\":\"https:\\\/\\\/bouchecousue.com\\\/wp-content\\\/uploads\\\/Freebox-Delta-v7.png\",\"datePublished\":\"2023-09-14T14:06:36+00:00\",\"breadcrumb\":{\"@id\":\"https:\\\/\\\/goboutik.org\\\/index.php\\\/probleme-bridage-debit-chez-free\\\/#breadcrumb\"},\"inLanguage\":\"fr-FR\",\"potentialAction\":[{\"@type\":\"ReadAction\",\"target\":[\"https:\\\/\\\/goboutik.org\\\/index.php\\\/probleme-bridage-debit-chez-free\\\/\"]}]},{\"@type\":\"ImageObject\",\"inLanguage\":\"fr-FR\",\"@id\":\"https:\\\/\\\/goboutik.org\\\/index.php\\\/probleme-bridage-debit-chez-free\\\/#primaryimage\",\"url\":\"https:\\\/\\\/bouchecousue.com\\\/wp-content\\\/uploads\\\/Freebox-Delta-v7.png\",\"contentUrl\":\"https:\\\/\\\/bouchecousue.com\\\/wp-content\\\/uploads\\\/Freebox-Delta-v7.png\"},{\"@type\":\"BreadcrumbList\",\"@id\":\"https:\\\/\\\/goboutik.org\\\/index.php\\\/probleme-bridage-debit-chez-free\\\/#breadcrumb\",\"itemListElement\":[{\"@type\":\"ListItem\",\"position\":1,\"name\":\"Home\",\"item\":\"https:\\\/\\\/goboutik.org\\\/\"},{\"@type\":\"ListItem\",\"position\":2,\"name\":\"Probl\u00e8me Bridage d\u00e9bit chez Free !\"}]},{\"@type\":\"WebSite\",\"@id\":\"https:\\\/\\\/goboutik.org\\\/#website\",\"url\":\"https:\\\/\\\/goboutik.org\\\/\",\"name\":\"Goboutik\",\"description\":\"Abonnement iptv\",\"publisher\":{\"@id\":\"https:\\\/\\\/goboutik.org\\\/#organization\"},\"potentialAction\":[{\"@type\":\"SearchAction\",\"target\":{\"@type\":\"EntryPoint\",\"urlTemplate\":\"https:\\\/\\\/goboutik.org\\\/?s={search_term_string}\"},\"query-input\":{\"@type\":\"PropertyValueSpecification\",\"valueRequired\":true,\"valueName\":\"search_term_string\"}}],\"inLanguage\":\"fr-FR\"},{\"@type\":\"Organization\",\"@id\":\"https:\\\/\\\/goboutik.org\\\/#organization\",\"name\":\"Goboutik\",\"url\":\"https:\\\/\\\/goboutik.org\\\/\",\"logo\":{\"@type\":\"ImageObject\",\"inLanguage\":\"fr-FR\",\"@id\":\"https:\\\/\\\/goboutik.org\\\/#\\\/schema\\\/logo\\\/image\\\/\",\"url\":\"https:\\\/\\\/goboutik.org\\\/wp-content\\\/uploads\\\/2023\\\/07\\\/Logo.png\",\"contentUrl\":\"https:\\\/\\\/goboutik.org\\\/wp-content\\\/uploads\\\/2023\\\/07\\\/Logo.png\",\"width\":114,\"height\":114,\"caption\":\"Goboutik\"},\"image\":{\"@id\":\"https:\\\/\\\/goboutik.org\\\/#\\\/schema\\\/logo\\\/image\\\/\"}}]}<\/script>\n<!-- \/ Yoast SEO plugin. -->","yoast_head_json":{"title":"Probl\u00e8me Bridage d\u00e9bit chez Free ! - Goboutik","robots":{"index":"index","follow":"follow","max-snippet":"max-snippet:-1","max-image-preview":"max-image-preview:large","max-video-preview":"max-video-preview:-1"},"canonical":"https:\/\/goboutik.org\/index.php\/probleme-bridage-debit-chez-free\/","og_locale":"fr_FR","og_type":"article","og_title":"Probl\u00e8me Bridage d\u00e9bit chez Free ! - Goboutik","og_description":"Une partie de nos clients qui&nbsp; utilisent Free comme op\u00e9rateur internet recontrent des soucis de coupures et lenteurs surtout en soir\u00e9e, le ph\u00e9nom\u00e8ne est la cause d\u2019un bridage de d\u00e9bit de la part de Free ! On va essayer de vous donner une solution afin d\u2019am\u00e9liorer votre connexion : Adresse IP quoi? Sur Internet, vous [&hellip;]","og_url":"https:\/\/goboutik.org\/index.php\/probleme-bridage-debit-chez-free\/","og_site_name":"Goboutik","og_image":[{"url":"https:\/\/bouchecousue.com\/wp-content\/uploads\/Freebox-Delta-v7.png","type":"","width":"","height":""}],"twitter_card":"summary_large_image","twitter_misc":{"Dur\u00e9e de lecture estim\u00e9e":"3 minutes"},"schema":{"@context":"https:\/\/schema.org","@graph":[{"@type":"WebPage","@id":"https:\/\/goboutik.org\/index.php\/probleme-bridage-debit-chez-free\/","url":"https:\/\/goboutik.org\/index.php\/probleme-bridage-debit-chez-free\/","name":"Probl\u00e8me Bridage d\u00e9bit chez Free ! - Goboutik","isPartOf":{"@id":"https:\/\/goboutik.org\/#website"},"primaryImageOfPage":{"@id":"https:\/\/goboutik.org\/index.php\/probleme-bridage-debit-chez-free\/#primaryimage"},"image":{"@id":"https:\/\/goboutik.org\/index.php\/probleme-bridage-debit-chez-free\/#primaryimage"},"thumbnailUrl":"https:\/\/bouchecousue.com\/wp-content\/uploads\/Freebox-Delta-v7.png","datePublished":"2023-09-14T14:06:36+00:00","breadcrumb":{"@id":"https:\/\/goboutik.org\/index.php\/probleme-bridage-debit-chez-free\/#breadcrumb"},"inLanguage":"fr-FR","potentialAction":[{"@type":"ReadAction","target":["https:\/\/goboutik.org\/index.php\/probleme-bridage-debit-chez-free\/"]}]},{"@type":"ImageObject","inLanguage":"fr-FR","@id":"https:\/\/goboutik.org\/index.php\/probleme-bridage-debit-chez-free\/#primaryimage","url":"https:\/\/bouchecousue.com\/wp-content\/uploads\/Freebox-Delta-v7.png","contentUrl":"https:\/\/bouchecousue.com\/wp-content\/uploads\/Freebox-Delta-v7.png"},{"@type":"BreadcrumbList","@id":"https:\/\/goboutik.org\/index.php\/probleme-bridage-debit-chez-free\/#breadcrumb","itemListElement":[{"@type":"ListItem","position":1,"name":"Home","item":"https:\/\/goboutik.org\/"},{"@type":"ListItem","position":2,"name":"Probl\u00e8me Bridage d\u00e9bit chez Free !"}]},{"@type":"WebSite","@id":"https:\/\/goboutik.org\/#website","url":"https:\/\/goboutik.org\/","name":"Goboutik","description":"Abonnement iptv","publisher":{"@id":"https:\/\/goboutik.org\/#organization"},"potentialAction":[{"@type":"SearchAction","target":{"@type":"EntryPoint","urlTemplate":"https:\/\/goboutik.org\/?s={search_term_string}"},"query-input":{"@type":"PropertyValueSpecification","valueRequired":true,"valueName":"search_term_string"}}],"inLanguage":"fr-FR"},{"@type":"Organization","@id":"https:\/\/goboutik.org\/#organization","name":"Goboutik","url":"https:\/\/goboutik.org\/","logo":{"@type":"ImageObject","inLanguage":"fr-FR","@id":"https:\/\/goboutik.org\/#\/schema\/logo\/image\/","url":"https:\/\/goboutik.org\/wp-content\/uploads\/2023\/07\/Logo.png","contentUrl":"https:\/\/goboutik.org\/wp-content\/uploads\/2023\/07\/Logo.png","width":114,"height":114,"caption":"Goboutik"},"image":{"@id":"https:\/\/goboutik.org\/#\/schema\/logo\/image\/"}}]}},"_links":{"self":[{"href":"https:\/\/goboutik.org\/index.php\/wp-json\/wp\/v2\/pages\/1606","targetHints":{"allow":["GET"]}}],"collection":[{"href":"https:\/\/goboutik.org\/index.php\/wp-json\/wp\/v2\/pages"}],"about":[{"href":"https:\/\/goboutik.org\/index.php\/wp-json\/wp\/v2\/types\/page"}],"author":[{"embeddable":true,"href":"https:\/\/goboutik.org\/index.php\/wp-json\/wp\/v2\/users\/1"}],"replies":[{"embeddable":true,"href":"https:\/\/goboutik.org\/index.php\/wp-json\/wp\/v2\/comments?post=1606"}],"version-history":[{"count":1,"href":"https:\/\/goboutik.org\/index.php\/wp-json\/wp\/v2\/pages\/1606\/revisions"}],"predecessor-version":[{"id":1607,"href":"https:\/\/goboutik.org\/index.php\/wp-json\/wp\/v2\/pages\/1606\/revisions\/1607"}],"wp:attachment":[{"href":"https:\/\/goboutik.org\/index.php\/wp-json\/wp\/v2\/media?parent=1606"}],"curies":[{"name":"wp","href":"https:\/\/api.w.org\/{rel}","templated":true}]}}